{"id":309,"date":"2022-03-07T14:47:23","date_gmt":"2022-03-07T13:47:23","guid":{"rendered":"https:\/\/sondainternacional.com\/sonda\/"},"modified":"2025-02-10T18:11:22","modified_gmt":"2025-02-10T17:11:22","slug":"sonda-internacional","status":"publish","type":"page","link":"https:\/\/sondainternacional.com\/en\/sonda-internacional\/","title":{"rendered":"Sonda Internacional"},"content":{"rendered":"\n\n<section id=\"title_and_content-block_fa710fb54f7298049c58facdb8851429\" class=\"block_title_and_content background_black text-left\">\n\t<div class=\"container\">\n\t\t<div class=\"row justify-content-center align-items-start\">\n\t\t\t<div class=\"col-12 col-lg-10 col-xl-10\">\n\t\t\t\t\t\t\t\t\t<h2>Sonda Internacional <\/h2>\n\t\t\t\t\t\t\t\t\n\t\t\t\t\t\t\t\t\t<h3>An independent, non-profit media organisation specialising in visual journalism on the climate crisis.<\/h3>\n\t\t\t\t\t\t\t\t\n\t\t\t\t\n\t\t\t\t<div class=\"content-text\">\n\t\t\t\t\t<div class=\"row justify-content-center align-items-start\">\n\t\t\t\t\t\t<div class=\"col-12 col-lg-6 col-xl-6\">\n\t\t\t\t\t\t\t<p>We create <strong>in-depth journalism<\/strong>, because in a world where events happen at a dizzying pace, seeing and reflecting is essential to understanding, building awareness and reacting.<\/p>\n<p>We work <strong>internationally<\/strong>, producing images that show the world we live in, and stories that help us understand how we interact with the environment to understand the causes and consequences of the climate crisis through <strong>journalism<\/strong>, <strong>photography<\/strong> and <strong>documentary video<\/strong>.<\/p>\n<p>We study what lies behind these images and use <strong>research<\/strong> as a tool to generate knowledge about lesser-known aspects of human ecology.<\/p>\n\t\t\t\t\t\t<\/div>\n\t\t\t\t\t\t<div class=\"col-12 col-lg-6 col-xl-6\">\n\t\t\t\t\t\t\t<p>We explore specific places and contexts, to provide <strong>comparisons and evidence<\/strong> that show the transformations caused by human action over time.<\/p>\n<p>We also look at <strong>solutions<\/strong> that are already working to mitigate the crisis because spreading the word about how people are responding to problems and sharing success stories is essential to building a global response.<\/p>\n<p>Meet the <a href=\"https:\/\/sondainternacional.com\/en\/about-us\/\">team of professionals<\/a> behind Sonda International.<\/p>\n\t\t\t\t\t\t<\/div>\n\t\t\t\t\t<\/div>\n\t\t\t\t<\/div>\n\t\t\t<\/div>\n\t\t<\/div>\n\t<\/div>\n<\/section>\n\n\t\n\n\n<section id=\"full_video-block_0c7790b0c9b8ee328a2ea8571083d450_1945806161\" class=\"block_full_video muted\" poster=\"https:\/\/sondainternacional.com\/wp-content\/uploads\/2022\/05\/sonda-internacional-video-poster.jpg\">\n\t<video id=\"bgvid-block\" poster=\"https:\/\/sondainternacional.com\/wp-content\/uploads\/2022\/05\/sonda-internacional-video-poster.jpg\" playsinline preload muted loop>\n\t\t<source src=\"https:\/\/sondainternacional.com\/wp-content\/uploads\/2022\/05\/sonda_eng_med.mp4\" type=\"video\/mp4\">\t<\/video>\n\t<div id=\"unmute-button\"><\/div>\n<\/section>\n\n\n<script type=\"text\/javascript\">\n\t(function(id) {\n\t  var fullvid = document.querySelector(\"#\" + id + \" #bgvid-block\");\n\t  \/\/console.log(fullvid)\n\t  var pauseButton = document.querySelector(\"#\" + id + \" button\");\n\t  var soundButton = document.querySelector(\"#\" + id + \" #unmute-button\");\n\t\n\t  if (window.matchMedia('(prefers-reduced-motion)').matches) {\n\t\tfullvid.removeAttribute(\"autoplay\");\n\t\tfullvid.pause();\n\t\tpauseButton.innerHTML = \"Paused\";\n\t  }\n\t\n\n\t  function vidFade() {\n\t\tfullvid.classList.add(\"stopfade\");\n\t  }\n\t\n\t  fullvid.addEventListener('ended', function() {\n\t\t\/\/ only functional if \"loop\" is removed \n\t\tfullvid.pause();\n\t\t\/\/ to capture IE10\n\t\tvidFade();\n\t  }); \n\t\n\t  fullvid.addEventListener(\"click\", toggleSound);\n\t  soundButton.addEventListener(\"click\", toggleSound);\n\t\n\t  function toggleSound() {\n\t\tif(fullvid.muted == true) {\n\t\t  fullvid.parentElement.classList.remove('muted');\n\t\t  fullvid.parentElement.classList.add(\"unmuted\");\n\t\t  fullvid.muted = false;\n\t\t} else {\n\t\t  fullvid.parentElement.classList.remove('unmuted');\n\t\t  fullvid.parentElement.classList.add(\"muted\");\n\t\t  fullvid.muted = true;\n\t\t}\n\t  }\n\t\n\t  document.addEventListener('scroll', function(e) {\n\t\tvar rect = fullvid.getBoundingClientRect();\n\t\tvar wh = (window.innerHeight) ? window.innerHeight : document.documentElement.clientHeight;\n\t\tvar shouldPlay = false;\n\t\tif (rect.top < wh) {\n\t\t  if (rect.top > -wh\/2) {\n\t\t\tshouldPlay = true;\n\t\t  }\n\t\t}\n\t\t\n\t\tif (shouldPlay) {\n\t\t  fullvid.play();\n\t\t} else {\n\t\t  fullvid.pause();\n\t\t}\n\t  });\n\t\n\t  \/\/ var isIphone = \/iPhone\/.test(navigator.userAgent) && !window.MSStream;\n\t  \/\/ if (isIphone) {\n\t\t\/\/ soundButton.style.display = 'none';\n\t\t\/\/ fullvid.setAttribute(\"controls\", \"controls\");  \n\t  \/\/ }\n\t})(\"full_video-block_0c7790b0c9b8ee328a2ea8571083d450_1945806161\");\n\n<\/script>\n\n\n\n\n<section id=\"title_and_content-block_c4c47b6d737172b33cdcaa4486041b3b\" class=\"block_title_and_content background_white text-left\">\n\t<div class=\"container\">\n\t\t<div class=\"row justify-content-center align-items-start\">\n\t\t\t<div class=\"col-12 col-lg-10 col-xl-10\">\n\t\t\t\t\t\t\t\t\t<h2>Non-profit<\/h2>\n\t\t\t\t\t\t\t\t\n\t\t\t\t\t\t\t\t\n\t\t\t\t\n\t\t\t\t<div class=\"content-text\">\n\t\t\t\t\t<div class=\"row justify-content-center align-items-start\">\n\t\t\t\t\t\t<div class=\"col-12 col-lg-6 col-xl-6\">\n\t\t\t\t\t\t\t<p>SONDA International is a <strong>non-profit<\/strong> project: quality journalism is a public service that requires time and financial resources, but nowadays it is extremely difficult to turn it into a profitable business that can finance the costs involved in this work. That is why SONDA seeks to finance itself through donations from individuals and institutions, in order to maintain its independence and at the same time have the capacity to develop in-depth journalism, on the ground and at an international level.<\/p>\n\t\t\t\t\t\t<\/div>\n\t\t\t\t\t\t<div class=\"col-12 col-lg-6 col-xl-6\">\n\t\t\t\t\t\t\t<p>We work in <strong>Spanish<\/strong>, because SONDA is a project founded in Spain, and because in the Spanish-speaking world, made up of nearly 500 million people, there are no media with the capacity to finance the cost of this type of journalism. Our in-depth reports are translated into English to share this knowledge with the non-Spanish speaking community. However at this stage our email correspondence, newsletters, transparency reports and some publications are only available in Spanish.<\/p>\n\t\t\t\t\t\t<\/div>\n\t\t\t\t\t<\/div>\n\t\t\t\t<\/div>\n\t\t\t<\/div>\n\t\t<\/div>\n\t<\/div>\n<\/section>\n\n\t\n\n<!-- IMPORTANTE: A\u00f1adir texto actualizado a $banner_text -->\n\t\n<div class=\"new_prefooter\">\n\t<div class=\"container\">\n\t\t<div class=\"row justify-content-center\">\n\t\t\t<div class=\"col-12 col-lg-12 col-xl-6\">\n\t\t\t\t\t\t\t\t\n\t\t\t\t\t\t\t\t\t<h2>Support visual journalism on the climate crisis<\/h2>\n\t\t\t\t\t<p style=\"text-align: center;\">In-depth journalism is not economically profitable.<\/p>\n<p style=\"text-align: center;\">But it needs to exist.<\/p>\n\t\t\t\t\t<a href=\"https:\/\/sondainternacional.com\/en\/dona\/\" class=\"the_button kensei_02\"><span>Donate <\/span><\/a>\n\t\t\t\t\n\t\t\t\t\t\t\t<\/div>\n\t\t<\/div>\n\t<\/div>\n<\/div>\n\n\n\n\n\n<section id=\"banner_link-block_d11eb79bd9c4bfa3b566846f74a856ef\" class=\"block_banner_link reverse_order\">\n\t<div class=\"row justify-content-center align-items-center\">\n\t\t<div class=\"col-12 col-md-12 col-lg-6 col-xl-6\">\n\t\t\t<div class=\"baner_content\">\n\t\t\t\t<h2>Our team<\/h2>\n\t\t\t\t<div><p>Founded in May 2022 by a small group of journalists with a broad background in international news, migration, conflict and human ecology.<\/p>\n<\/div>\n\t\t\t\t<a id=\"banner_button\" href=\"https:\/\/sondainternacional.com\/en\/team\/\" class=\"the_button\">More information<\/a>\n\t\t\t<\/div>\n\t\t<\/div>\n\t\t<div class=\"col-12 col-md-12 col-lg-6 col-xl-6\" style=\"background-image:url('https:\/\/sondainternacional.com\/wp-content\/uploads\/2024\/07\/image-42-1.png')\"><\/div>\n\t<\/div>\n<\/section>\n\n\n\n\n<div class=\"project_grid_lv4_\">\n\t<div class=\"container\">\n\t\t<div class=\"row justify-content-start\">\n\t\t\t<div class=\"col-12 col-md-12 col-lg-6 col-xl-5\"> \n\t\t\t\t<div class=\"newsletter\">\n\t\t\t\t\t<div>\n\t\t\t\t\t\t<h4>Subscribe to our newsletter<\/h4>\n\t\t\t\t\t\t<p>Be the first to receive the latest publications from Sonda Internacional<\/p>\n\t\t\t\t\t<\/div>\n\n\t\t\t\t\t<div id=\"mc_embed_shell\">\n\t<link href=\"\/\/cdn-images.mailchimp.com\/embedcode\/classic-061523.css\" rel=\"stylesheet\" type=\"text\/css\">\n\t<div id=\"mc_embed_signup\" class=\"subscription_form\">\n\t\t<form action=\"https:\/\/sondainternacional.us14.list-manage.com\/subscribe\/post?u=90c641a4bcc46d268fea8e0c0&amp;id=27b1fed034&amp;f_id=0092fbe0f0\" method=\"post\" id=\"mc-embedded-subscribe-form\" name=\"mc-embedded-subscribe-form\" class=\"validate\" target=\"_blank\">\n\t\t\t<div id=\"mc_embed_signup_scroll\">\n\t\t\t\t<div class=\"mc-field-group\">\n\t\t\t\t<label for=\"mce-EMAIL\">Email <span class=\"asterisk\">*<\/span>\n\t\t\t\t<\/label>\n\t\t\t\t<input type=\"email\" name=\"EMAIL\" class=\"required email\" id=\"mce-EMAIL\" required=\"\" value=\"\">\n\t\t\t\t<\/div>\n\t\t\t\t<div class=\"mc-field-group\">\n\t\t\t\t<label for=\"mce-FNAME\">First Name <span class=\"asterisk\">*<\/span>\n\t\t\t\t<\/label>\n\t\t\t\t<input type=\"text\" name=\"FNAME\" class=\"required text\" id=\"mce-FNAME\" required=\"\" value=\"\">\n\t\t\t\t<\/div>\n\t\t\t\t<div class=\"mc-field-group\">\n\t\t\t\t<label for=\"mce-LNAME\">Surname <span class=\"asterisk\">*<\/span>\n\t\t\t\t<\/label>\n\t\t\t\t<input type=\"text\" name=\"LNAME\" class=\"required text\" id=\"mce-LNAME\" required=\"\" value=\"\">\n\t\t\t\t<\/div>\n\t\t\t\t<div hidden=\"\">\n\t\t\t\t<input type=\"hidden\" name=\"tags\" value=\"7336762\">\n\t\t\t\t<\/div>\n\t\t\t\t<div id=\"mce-responses\" class=\"clear\">\n\t\t\t\t<div class=\"response\" id=\"mce-error-response\" style=\"display: none;\"><\/div>\n\t\t\t\t<div class=\"response\" id=\"mce-success-response\" style=\"display: none;\"><\/div>\n\t\t\t\t<\/div>\n\t\t\t\t<div aria-hidden=\"true\" style=\"position: absolute; left: -5000px;\">\n\t\t\t\t<input type=\"text\" name=\"b_90c641a4bcc46d268fea8e0c0_27b1fed034\" tabindex=\"-1\" value=\"\">\n\t\t\t\t<\/div>\n\t\t\t\t<div class=\"clear\">\n\t\t\t\t<!-- <div class=\"g-recaptcha\" data-sitekey=\"6LdEpF0qAAAAAEyOPq50ZK6aQx7lcOEZeZjIduN1\"><\/div> -->\n\t\t\t\t<input type=\"submit\" name=\"subscribe\" id=\"mc-embedded-subscribe\" class=\"button\" value=\"Subscribirme\">\n\t\t\t\t<\/div>\n\t\t\t<\/div>\n\t\t\t\n\t\t\t<!-- <script src=\"https:\/\/www.google.com\/recaptcha\/api.js\" async defer><\/script> -->\n\n\t\t\t<!-- <script>\n\t\t\t\tdocument.getElementById('mc-embedded-subscribe-form').addEventListener('submit', function(e) {\n\t\t\t\t\tvar response = grecaptcha.getResponse();\n\t\t\t\t\tif(response.length == 0) {\n\t\t\t\t\talert('Por favor, completa el reCAPTCHA');\n\t\t\t\t\te.preventDefault(); \/\/ Evita que el formulario se env\u00ede\n\t\t\t\t\t}\n\t\t\t\t});\n\t\t\t<\/script> -->\n\t\t<\/form>\n\t<\/div>\n\t<script type=\"text\/javascript\" src=\"\/\/s3.amazonaws.com\/downloads.mailchimp.com\/js\/mc-validate.js\"><\/script>\n\t<script type=\"text\/javascript\">\n\t\t(function($) {\n\t\twindow.fnames = new Array();\n\t\twindow.ftypes = new Array();\n\t\tfnames[0] = 'EMAIL';\n\t\tftypes[0] = 'email';\n\t\tfnames[1] = 'FNAME';\n\t\tftypes[1] = 'text';\n\t\tfnames[2] = 'LNAME';\n\t\tftypes[2] = 'text';\n\t\tfnames[18] = 'LINK_UPDAT';\n\t\tftypes[18] = 'url';\n\t\tfnames[17] = 'TEXT_UPDAT';\n\t\tftypes[17] = 'text';\n\t\tfnames[16] = 'ERROR';\n\t\tftypes[16] = 'text';\n\t\tfnames[15] = 'TOTAL';\n\t\tftypes[15] = 'number';\n\t\tfnames[13] = 'EXP_YEAR';\n\t\tftypes[13] = 'number';\n\t\tfnames[10] = 'EXP_MONTH';\n\t\tftypes[10] = 'number';\n\t\tfnames[21] = 'CARDEXP';\n\t\tftypes[21] = 'date';\n\t\tfnames[20] = 'LAST_PAY';\n\t\tftypes[20] = 'date';\n\t\tfnames[8] = 'CREATED_AT';\n\t\tftypes[8] = 'date';\n\t\tfnames[9] = 'NEXT_PAY';\n\t\tftypes[9] = 'date';\n\t\tfnames[7] = 'PERIOD';\n\t\tftypes[7] = 'text';\n\t\tfnames[14] = 'SUSC_STAT';\n\t\tftypes[14] = 'text';\n\t\tfnames[6] = 'DEALDATE';\n\t\tftypes[6] = 'date';\n\t\tfnames[5] = 'AMOUNT';\n\t\tftypes[5] = 'text';\n\t\tfnames[12] = 'TIPODONA';\n\t\tftypes[12] = 'text';\n\t\tfnames[11] = 'PAY_LINK';\n\t\tftypes[11] = 'text';\n\t\tfnames[4] = 'PHONE';\n\t\tftypes[4] = 'phone';\n\t\tfnames[3] = 'ADDRESS';\n\t\tftypes[3] = 'address';\n\t\tfnames[19] = 'LINKSTRIPE';\n\t\tftypes[19] = 'text';\n\t\t\/*\n\t\t* Translated default messages for the $ validation plugin.\n\t\t* Locale: ES\n\t\t*\/\n\t\t$.extend($.validator.messages, {\n\t\t\trequired: \"Este campo es obligatorio.\",\n\t\t\tremote: \"Por favor, rellena este campo.\",\n\t\t\temail: \"Por favor, escribe una direcci\u00f3n de correo v\u00e1lida\",\n\t\t\turl: \"Por favor, escribe una URL v\u00e1lida.\",\n\t\t\tdate: \"Por favor, escribe una fecha v\u00e1lida.\",\n\t\t\tdateISO: \"Por favor, escribe una fecha (ISO) v\u00e1lida.\",\n\t\t\tnumber: \"Por favor, escribe un n\u00famero entero v\u00e1lido.\",\n\t\t\tdigits: \"Por favor, escribe s\u00f3lo d\u00edgitos.\",\n\t\t\tcreditcard: \"Por favor, escribe un n\u00famero de tarjeta v\u00e1lido.\",\n\t\t\tequalTo: \"Por favor, escribe el mismo valor de nuevo.\",\n\t\t\taccept: \"Por favor, escribe un valor con una extensi\u00f3n aceptada.\",\n\t\t\tmaxlength: $.validator.format(\"Por favor, no escribas m\u00e1s de {0} caracteres.\"),\n\t\t\tminlength: $.validator.format(\"Por favor, no escribas menos de {0} caracteres.\"),\n\t\t\trangelength: $.validator.format(\"Por favor, escribe un valor entre {0} y {1} caracteres.\"),\n\t\t\trange: $.validator.format(\"Por favor, escribe un valor entre {0} y {1}.\"),\n\t\t\tmax: $.validator.format(\"Por favor, escribe un valor menor o igual a {0}.\"),\n\t\t\tmin: $.validator.format(\"Por favor, escribe un valor mayor o igual a {0}.\")\n\t\t});\n\t\t}(jQuery));\n\t\tvar $mcj = jQuery.noConflict(true);\n\t<\/script>\n<\/div>\n\t\t\t\t\t\t\t\t\t<\/div>\n\t\t\t<\/div>\n\t\t\t\n\t\t<\/div>\n\t<\/div>\n\t<div id=\"nwsltr_background_image\" style=\"background-image:url('https:\/\/sondainternacional.com\/wp-content\/uploads\/2023\/12\/santi-palacios_002.jpg')\">\n\n\t<\/div>\n<\/div>","protected":false},"excerpt":{"rendered":"","protected":false},"author":1,"featured_media":819,"parent":0,"menu_order":5,"comment_status":"closed","ping_status":"closed","template":"templates\/home.php","meta":{"_acf_changed":false,"content-type":"","footnotes":""},"class_list":["post-309","page","type-page","status-publish","has-post-thumbnail","hentry"],"acf":[],"yoast_head":"<!-- This site is optimized with the Yoast SEO plugin v23.0 - https:\/\/yoast.com\/wordpress\/plugins\/seo\/ -->\n<title>Sonda Internacional - SONDA Internacional Sonda internacional - Periodismo Visual sobre la Crisis Clim\u00e1tica<\/title>\n<meta name=\"description\" content=\"SONDA Internacional, medio de comunicaci\u00f3n independiente y sin \u00e1nimo de lucro, especializado en periodismo visual sobre la crisis clim\u00e1tica.\" \/>\n<meta name=\"robots\" content=\"index, follow, max-snippet:-1, max-image-preview:large, max-video-preview:-1\" \/>\n<link rel=\"canonical\" href=\"https:\/\/sondainternacional.com\/en\/sonda-internacional\/\" \/>\n<meta property=\"og:locale\" content=\"en_US\" \/>\n<meta property=\"og:type\" content=\"article\" \/>\n<meta property=\"og:title\" content=\"Sonda Internacional - SONDA Internacional Sonda internacional - Periodismo Visual sobre la Crisis Clim\u00e1tica\" \/>\n<meta property=\"og:description\" content=\"SONDA Internacional, medio de comunicaci\u00f3n independiente y sin \u00e1nimo de lucro, especializado en periodismo visual sobre la crisis clim\u00e1tica.\" \/>\n<meta property=\"og:url\" content=\"https:\/\/sondainternacional.com\/en\/sonda-internacional\/\" \/>\n<meta property=\"og:site_name\" content=\"SONDA Internacional\" \/>\n<meta property=\"article:publisher\" content=\"https:\/\/www.facebook.com\/SONDAinternacional\/\" \/>\n<meta property=\"article:modified_time\" content=\"2025-02-10T17:11:22+00:00\" \/>\n<meta property=\"og:image\" content=\"https:\/\/sondainternacional.com\/wp-content\/uploads\/2022\/05\/sondainternaciona.jpg\" \/>\n\t<meta property=\"og:image:width\" content=\"640\" \/>\n\t<meta property=\"og:image:height\" content=\"640\" \/>\n\t<meta property=\"og:image:type\" content=\"image\/jpeg\" \/>\n<meta name=\"twitter:card\" content=\"summary_large_image\" \/>\n<meta name=\"twitter:site\" content=\"@SondaInt\" \/>\n<meta name=\"twitter:label1\" content=\"Est. reading time\" \/>\n\t<meta name=\"twitter:data1\" content=\"1 minute\" \/>\n<script type=\"application\/ld+json\" class=\"yoast-schema-graph\">{\"@context\":\"https:\/\/schema.org\",\"@graph\":[{\"@type\":\"WebPage\",\"@id\":\"https:\/\/sondainternacional.com\/en\/sonda-internacional\/\",\"url\":\"https:\/\/sondainternacional.com\/en\/sonda-internacional\/\",\"name\":\"Sonda Internacional - SONDA Internacional Sonda internacional - Periodismo Visual sobre la Crisis Clim\u00e1tica\",\"isPartOf\":{\"@id\":\"https:\/\/sondainternacional.com\/en\/#website\"},\"primaryImageOfPage\":{\"@id\":\"https:\/\/sondainternacional.com\/en\/sonda-internacional\/#primaryimage\"},\"image\":{\"@id\":\"https:\/\/sondainternacional.com\/en\/sonda-internacional\/#primaryimage\"},\"thumbnailUrl\":\"https:\/\/sondainternacional.com\/wp-content\/uploads\/2022\/05\/sondainternaciona.jpg\",\"datePublished\":\"2022-03-07T13:47:23+00:00\",\"dateModified\":\"2025-02-10T17:11:22+00:00\",\"description\":\"SONDA Internacional, medio de comunicaci\u00f3n independiente y sin \u00e1nimo de lucro, especializado en periodismo visual sobre la crisis clim\u00e1tica.\",\"breadcrumb\":{\"@id\":\"https:\/\/sondainternacional.com\/en\/sonda-internacional\/#breadcrumb\"},\"inLanguage\":\"en-US\",\"potentialAction\":[{\"@type\":\"ReadAction\",\"target\":[\"https:\/\/sondainternacional.com\/en\/sonda-internacional\/\"]}]},{\"@type\":\"ImageObject\",\"inLanguage\":\"en-US\",\"@id\":\"https:\/\/sondainternacional.com\/en\/sonda-internacional\/#primaryimage\",\"url\":\"https:\/\/sondainternacional.com\/wp-content\/uploads\/2022\/05\/sondainternaciona.jpg\",\"contentUrl\":\"https:\/\/sondainternacional.com\/wp-content\/uploads\/2022\/05\/sondainternaciona.jpg\",\"width\":640,\"height\":640,\"caption\":\"Sonda Internacional. Periodismo visual par ala crisis clim\u00e1tica.\"},{\"@type\":\"BreadcrumbList\",\"@id\":\"https:\/\/sondainternacional.com\/en\/sonda-internacional\/#breadcrumb\",\"itemListElement\":[{\"@type\":\"ListItem\",\"position\":1,\"name\":\"Sonda Internacional\",\"item\":\"https:\/\/sondainternacional.com\/en\/\"},{\"@type\":\"ListItem\",\"position\":2,\"name\":\"Sonda Internacional\"}]},{\"@type\":\"WebSite\",\"@id\":\"https:\/\/sondainternacional.com\/en\/#website\",\"url\":\"https:\/\/sondainternacional.com\/en\/\",\"name\":\"SONDA Internacional\",\"description\":\"Sonda internacional - Periodismo Visual sobre la Crisis Clim\u00e1tica\",\"publisher\":{\"@id\":\"https:\/\/sondainternacional.com\/en\/#organization\"},\"potentialAction\":[{\"@type\":\"SearchAction\",\"target\":{\"@type\":\"EntryPoint\",\"urlTemplate\":\"https:\/\/sondainternacional.com\/en\/?s={search_term_string}\"},\"query-input\":\"required name=search_term_string\"}],\"inLanguage\":\"en-US\"},{\"@type\":\"Organization\",\"@id\":\"https:\/\/sondainternacional.com\/en\/#organization\",\"name\":\"Sonda Internacional\",\"url\":\"https:\/\/sondainternacional.com\/en\/\",\"logo\":{\"@type\":\"ImageObject\",\"inLanguage\":\"en-US\",\"@id\":\"https:\/\/sondainternacional.com\/en\/#\/schema\/logo\/image\/\",\"url\":\"https:\/\/sondainternacional.com\/wp-content\/uploads\/2022\/03\/logotipo-sonda-3.png\",\"contentUrl\":\"https:\/\/sondainternacional.com\/wp-content\/uploads\/2022\/03\/logotipo-sonda-3.png\",\"width\":576,\"height\":195,\"caption\":\"Sonda Internacional\"},\"image\":{\"@id\":\"https:\/\/sondainternacional.com\/en\/#\/schema\/logo\/image\/\"},\"sameAs\":[\"https:\/\/www.facebook.com\/SONDAinternacional\/\",\"https:\/\/x.com\/SondaInt\",\"https:\/\/www.instagram.com\/sondainternacional\/\",\"https:\/\/www.linkedin.com\/company\/sonda-internacional\/\",\"https:\/\/www.youtube.com\/channel\/UCfXRwpt3KDr2WtAMXMRfUhw\",\"https:\/\/en.wikipedia.org\/wiki\/Santi_Palacios\"]}]}<\/script>\n<!-- \/ Yoast SEO plugin. -->","yoast_head_json":{"title":"Sonda Internacional - SONDA Internacional Sonda internacional - Periodismo Visual sobre la Crisis Clim\u00e1tica","description":"SONDA Internacional, medio de comunicaci\u00f3n independiente y sin \u00e1nimo de lucro, especializado en periodismo visual sobre la crisis clim\u00e1tica.","robots":{"index":"index","follow":"follow","max-snippet":"max-snippet:-1","max-image-preview":"max-image-preview:large","max-video-preview":"max-video-preview:-1"},"canonical":"https:\/\/sondainternacional.com\/en\/sonda-internacional\/","og_locale":"en_US","og_type":"article","og_title":"Sonda Internacional - SONDA Internacional Sonda internacional - Periodismo Visual sobre la Crisis Clim\u00e1tica","og_description":"SONDA Internacional, medio de comunicaci\u00f3n independiente y sin \u00e1nimo de lucro, especializado en periodismo visual sobre la crisis clim\u00e1tica.","og_url":"https:\/\/sondainternacional.com\/en\/sonda-internacional\/","og_site_name":"SONDA Internacional","article_publisher":"https:\/\/www.facebook.com\/SONDAinternacional\/","article_modified_time":"2025-02-10T17:11:22+00:00","og_image":[{"width":640,"height":640,"url":"https:\/\/sondainternacional.com\/wp-content\/uploads\/2022\/05\/sondainternaciona.jpg","type":"image\/jpeg"}],"twitter_card":"summary_large_image","twitter_site":"@SondaInt","twitter_misc":{"Est. reading time":"1 minute"},"schema":{"@context":"https:\/\/schema.org","@graph":[{"@type":"WebPage","@id":"https:\/\/sondainternacional.com\/en\/sonda-internacional\/","url":"https:\/\/sondainternacional.com\/en\/sonda-internacional\/","name":"Sonda Internacional - SONDA Internacional Sonda internacional - Periodismo Visual sobre la Crisis Clim\u00e1tica","isPartOf":{"@id":"https:\/\/sondainternacional.com\/en\/#website"},"primaryImageOfPage":{"@id":"https:\/\/sondainternacional.com\/en\/sonda-internacional\/#primaryimage"},"image":{"@id":"https:\/\/sondainternacional.com\/en\/sonda-internacional\/#primaryimage"},"thumbnailUrl":"https:\/\/sondainternacional.com\/wp-content\/uploads\/2022\/05\/sondainternaciona.jpg","datePublished":"2022-03-07T13:47:23+00:00","dateModified":"2025-02-10T17:11:22+00:00","description":"SONDA Internacional, medio de comunicaci\u00f3n independiente y sin \u00e1nimo de lucro, especializado en periodismo visual sobre la crisis clim\u00e1tica.","breadcrumb":{"@id":"https:\/\/sondainternacional.com\/en\/sonda-internacional\/#breadcrumb"},"inLanguage":"en-US","potentialAction":[{"@type":"ReadAction","target":["https:\/\/sondainternacional.com\/en\/sonda-internacional\/"]}]},{"@type":"ImageObject","inLanguage":"en-US","@id":"https:\/\/sondainternacional.com\/en\/sonda-internacional\/#primaryimage","url":"https:\/\/sondainternacional.com\/wp-content\/uploads\/2022\/05\/sondainternaciona.jpg","contentUrl":"https:\/\/sondainternacional.com\/wp-content\/uploads\/2022\/05\/sondainternaciona.jpg","width":640,"height":640,"caption":"Sonda Internacional. Periodismo visual par ala crisis clim\u00e1tica."},{"@type":"BreadcrumbList","@id":"https:\/\/sondainternacional.com\/en\/sonda-internacional\/#breadcrumb","itemListElement":[{"@type":"ListItem","position":1,"name":"Sonda Internacional","item":"https:\/\/sondainternacional.com\/en\/"},{"@type":"ListItem","position":2,"name":"Sonda Internacional"}]},{"@type":"WebSite","@id":"https:\/\/sondainternacional.com\/en\/#website","url":"https:\/\/sondainternacional.com\/en\/","name":"SONDA Internacional","description":"Sonda internacional - Periodismo Visual sobre la Crisis Clim\u00e1tica","publisher":{"@id":"https:\/\/sondainternacional.com\/en\/#organization"},"potentialAction":[{"@type":"SearchAction","target":{"@type":"EntryPoint","urlTemplate":"https:\/\/sondainternacional.com\/en\/?s={search_term_string}"},"query-input":"required name=search_term_string"}],"inLanguage":"en-US"},{"@type":"Organization","@id":"https:\/\/sondainternacional.com\/en\/#organization","name":"Sonda Internacional","url":"https:\/\/sondainternacional.com\/en\/","logo":{"@type":"ImageObject","inLanguage":"en-US","@id":"https:\/\/sondainternacional.com\/en\/#\/schema\/logo\/image\/","url":"https:\/\/sondainternacional.com\/wp-content\/uploads\/2022\/03\/logotipo-sonda-3.png","contentUrl":"https:\/\/sondainternacional.com\/wp-content\/uploads\/2022\/03\/logotipo-sonda-3.png","width":576,"height":195,"caption":"Sonda Internacional"},"image":{"@id":"https:\/\/sondainternacional.com\/en\/#\/schema\/logo\/image\/"},"sameAs":["https:\/\/www.facebook.com\/SONDAinternacional\/","https:\/\/x.com\/SondaInt","https:\/\/www.instagram.com\/sondainternacional\/","https:\/\/www.linkedin.com\/company\/sonda-internacional\/","https:\/\/www.youtube.com\/channel\/UCfXRwpt3KDr2WtAMXMRfUhw","https:\/\/en.wikipedia.org\/wiki\/Santi_Palacios"]}]}},"_links":{"self":[{"href":"https:\/\/sondainternacional.com\/en\/wp-json\/wp\/v2\/pages\/309","targetHints":{"allow":["GET"]}}],"collection":[{"href":"https:\/\/sondainternacional.com\/en\/wp-json\/wp\/v2\/pages"}],"about":[{"href":"https:\/\/sondainternacional.com\/en\/wp-json\/wp\/v2\/types\/page"}],"author":[{"embeddable":true,"href":"https:\/\/sondainternacional.com\/en\/wp-json\/wp\/v2\/users\/1"}],"replies":[{"embeddable":true,"href":"https:\/\/sondainternacional.com\/en\/wp-json\/wp\/v2\/comments?post=309"}],"version-history":[{"count":32,"href":"https:\/\/sondainternacional.com\/en\/wp-json\/wp\/v2\/pages\/309\/revisions"}],"predecessor-version":[{"id":11832,"href":"https:\/\/sondainternacional.com\/en\/wp-json\/wp\/v2\/pages\/309\/revisions\/11832"}],"wp:featuredmedia":[{"embeddable":true,"href":"https:\/\/sondainternacional.com\/en\/wp-json\/wp\/v2\/media\/819"}],"wp:attachment":[{"href":"https:\/\/sondainternacional.com\/en\/wp-json\/wp\/v2\/media?parent=309"}],"curies":[{"name":"wp","href":"https:\/\/api.w.org\/{rel}","templated":true}]}}