{"id":302,"date":"2022-03-09T10:10:53","date_gmt":"2022-03-09T09:10:53","guid":{"rendered":"https:\/\/sondainternacional.com\/politica-de-cookies\/"},"modified":"2022-04-27T13:23:06","modified_gmt":"2022-04-27T13:23:06","slug":"cookie-policy","status":"publish","type":"page","link":"https:\/\/sondainternacional.com\/en\/cookie-policy\/","title":{"rendered":"Cookie Policy"},"content":{"rendered":"<div class=\"container\"><div class=\"row align-items-center justify-content-center heading-block\"><div class=\"col-12 col-md-10 pb-1\">\n<h3 class=\"wp-block-heading\"><strong>What are Cookies?<\/strong><\/h3>\n<\/div><\/div><\/div><div class=\"container\"><div class=\"row align-items-center justify-content-center\"><div class=\"col-12 col-md-10 pb-1\">\n<p>A cookie is a file that is downloaded to your computer when you access certain websites. Cookies allow a website, among other things, to store and recover information about the browsing habits of a user or their equipment, manage user access to restricted areas of the website, etc.<\/p>\n<\/div><\/div><\/div><div class=\"container\"><div class=\"row align-items-center justify-content-center heading-block\"><div class=\"col-12 col-md-10 pb-1\">\n<h3 class=\"wp-block-heading\"><strong>What kind of cookies does this website use?<\/strong><\/h3>\n<\/div><\/div><\/div><div class=\"container\"><div class=\"row align-items-center justify-content-center\"><div class=\"col-12 col-md-10 pb-1\">\n<p><strong><em>Analytics Cookies<\/em><\/strong><\/p>\n<\/div><\/div><\/div><div class=\"container\"><div class=\"row align-items-center justify-content-center\"><div class=\"col-12 col-md-10 pb-1\">\n<p>These are those that make it possible to monitor and analyse the behaviour of users on our website. The information collected is used to measure user activity on the website and to create user browsing profiles in order to improve the website and the products and services offered.<\/p>\n<\/div><\/div><\/div><div class=\"container\"><div class=\"row align-items-center justify-content-center\"><div class=\"col-12 col-md-10 pb-1\">\n<p><strong><em>Technical Cookies<\/em><\/strong><\/p>\n<\/div><\/div><\/div><div class=\"container\"><div class=\"row align-items-center justify-content-center\"><div class=\"col-12 col-md-10 pb-1\">\n<p>This type of cookie allows the user to browse through a website, platform or application and use the different options or services that exist on it, such as, for example, controlling traffic and data communication, identifying the session, accessing restricted areas, or sharing content through social networks.<\/p>\n<\/div><\/div><\/div><div class=\"container\"><div class=\"row align-items-center justify-content-center\"><div class=\"col-12 col-md-10 pb-1\">\n<p><strong><em>Customization Cookies<\/em><\/strong><\/p>\n<\/div><\/div><\/div><div class=\"container\"><div class=\"row align-items-center justify-content-center\"><div class=\"col-12 col-md-10 pb-1\">\n<p>These are those that allow us to adapt the navigation on our website to your preferences (Ex. Language, browser used, &#8230;etc<\/p>\n<\/div><\/div><\/div><div class=\"container\"><div class=\"row align-items-center justify-content-center heading-block\"><div class=\"col-12 col-md-10 pb-1\">\n<h3 class=\"wp-block-heading\"><strong>Who uses cookies?<\/strong><\/h3>\n<\/div><\/div><\/div><div class=\"container\"><div class=\"row align-items-center justify-content-center\"><div class=\"col-12 col-md-10 pb-1\">\n<p>The cookies used on this website are used by the party legally responsible for this website and by the following services or service providers:Google Analytics: This is a web analytics service that uses analysis cookies. You can consult the privacy policy <a href=\"http:\/\/www.google.com\/intl\/es\/analytics\/privacyoverview.html%22http:\/\/www.google.com\/intl\/es\/analytics\/privacyoverview.html\">of this service at this web address.<\/a> <\/p>\n<\/div><\/div><\/div><div class=\"container\"><div class=\"row align-items-center justify-content-center heading-block\"><div class=\"col-12 col-md-10 pb-1\">\n<h3 class=\"wp-block-heading\"><strong>How can I disable or delete Cookies?<\/strong><\/h3>\n<\/div><\/div><\/div><div class=\"container\"><div class=\"row align-items-center justify-content-center\"><div class=\"col-12 col-md-10 pb-1\">\n<p>You can allow, block or delete the cookies installed on your computer by configuring the browser options installed on your computer. In the following links you will find additional information on the configuration options for cookies in the different browsers.<\/p>\n<\/div><\/div><\/div><div class=\"container\"><div class=\"row align-items-center justify-content-center\"><div class=\"col-12 col-md-10 pb-1\">\n<p><strong>Internet Explorer<\/strong>: <a href=\"http:\/\/windows.microsoft.com\/es-es\/windows7\/how-to-manage-cookies-in-internet-explorer-9\">http:\/\/windows.microsoft.com\/es-es\/windows7\/how-to-manage-cookies-in-internet-explorer-9<\/a><\/p>\n<\/div><\/div><\/div><div class=\"container\"><div class=\"row align-items-center justify-content-center\"><div class=\"col-12 col-md-10 pb-1\">\n<p><strong>Google Chrome<\/strong>: <a href=\"http:\/\/support.google.com\/chrome\/bin\/answer.py?hl=es&amp;answer=95647\">http:\/\/support.google.com\/chrome\/bin\/answer.py?hl=es&amp;answer=95647<\/a><\/p>\n<\/div><\/div><\/div><div class=\"container\"><div class=\"row align-items-center justify-content-center\"><div class=\"col-12 col-md-10 pb-1\">\n<p><strong>Firefox<\/strong>: <a href=\"http:\/\/support.mozilla.org\/es\/kb\/habilitar-y-deshabilitar-cookies-que-los-sitios-we\">http:\/\/support.mozilla.org\/es\/kb\/habilitar-y-deshabilitar-cookies-que-los-sitios-we<\/a><\/p>\n<\/div><\/div><\/div><div class=\"container\"><div class=\"row align-items-center justify-content-center\"><div class=\"col-12 col-md-10 pb-1\">\n<p><strong>Safari<\/strong>: <a href=\"http:\/\/support.apple.com\/kb\/ph5042\">http:\/\/support.apple.com\/kb\/ph5042<\/a>.<\/p>\n<\/div><\/div><\/div><div class=\"container\"><div class=\"row align-items-center justify-content-center heading-block\"><div class=\"col-12 col-md-10 pb-1\">\n<h3 class=\"wp-block-heading\"><strong>Additional notes<\/strong><\/h3>\n<\/div><\/div><\/div><div class=\"container\"><div class=\"row align-items-center justify-content-center\"><div class=\"col-12 col-md-10 pb-1\">\n<p>Neither this website nor its legal representatives are responsible for the content or veracity of the privacy policies of the third parties mentioned in this <em>cookie policy.<\/em><\/p>\n<\/div><\/div><\/div><div class=\"container\"><div class=\"row align-items-center justify-content-center\"><div class=\"col-12 col-md-10 pb-1\">\n<p>Web browsers are the tools responsible for storing <em>cookies<\/em> and this is where you should exercise your right to delete or deactivate them. Neither this website nor its legal representatives can guarantee the correct or incorrect handling of <em>cookies <\/em> by the aforementioned browsers.<\/p>\n<\/div><\/div><\/div><div class=\"container\"><div class=\"row align-items-center justify-content-center\"><div class=\"col-12 col-md-10 pb-1\">\n<p>In some cases it is necessary to install <em>cookies<\/em> so that the browser does not forget your decision not to accept them.<\/p>\n<\/div><\/div><\/div><div class=\"container\"><div class=\"row align-items-center justify-content-center\"><div class=\"col-12 col-md-10 pb-1\">\n<p>In the case of Google Analytics <em>cookies<\/em>, this company stores <em>cookies<\/em> on servers located in the United States and undertakes not to share them with third parties, except in cases where this is necessary for the operation of the system or when required by law. According to Google it does not save your IP address. Google Inc. is a member of the Safe Harbour Agreement which guarantees that all data transferred will be treated with a level of protection in accordance with European regulations. Detailed information can be found<a href=\"http:\/\/safeharbor.export.gov\/companyinfo.aspx?id=16626\">at this link.<\/a> If you would like information on how Google uses cookies, please <a href=\"https:\/\/developers.google.com\/analytics\/devguides\/collection\/analyticsjs\/cookie-usage?hl=es&amp;csw=1\">follow this link.<\/a><\/p>\n<\/div><\/div><\/div><div class=\"container\"><div class=\"row align-items-center justify-content-center\"><div class=\"col-12 col-md-10 pb-1\">\n<p>If you have any doubts or queries about this <em>cookies<\/em> policy, please do not hesitate to contact us via the contact section.<\/p>\n<\/div><\/div><\/div>","protected":false},"excerpt":{"rendered":"What are Cookies? A cookie is a file that is downloaded to your computer when you access certain websites. Cookies allow a website, among other things, to store and recover information about the browsing habits of a user or their equipment, manage user access to restricted areas of the website, etc. What kind of cookies&#8230;","protected":false},"author":1,"featured_media":0,"parent":0,"menu_order":33,"comment_status":"closed","ping_status":"closed","template":"","meta":{"_acf_changed":false,"content-type":"","footnotes":""},"class_list":["post-302","page","type-page","status-publish","hentry"],"acf":[],"yoast_head":"<!-- This site is optimized with the Yoast SEO plugin v23.0 - https:\/\/yoast.com\/wordpress\/plugins\/seo\/ -->\n<title>Cookie Policy - SONDA Internacional<\/title>\n<meta name=\"description\" content=\"SONDA Internacional, medio de comunicaci\u00f3n independiente y sin \u00e1nimo de lucro, especializado en periodismo visual sobre la crisis clim\u00e1tica\" \/>\n<meta name=\"robots\" content=\"index, follow, max-snippet:-1, max-image-preview:large, max-video-preview:-1\" \/>\n<link rel=\"canonical\" href=\"https:\/\/sondainternacional.com\/en\/cookie-policy\/\" \/>\n<meta property=\"og:locale\" content=\"en_US\" \/>\n<meta property=\"og:type\" content=\"article\" \/>\n<meta property=\"og:title\" content=\"Cookie Policy - SONDA Internacional\" \/>\n<meta property=\"og:description\" content=\"SONDA Internacional, medio de comunicaci\u00f3n independiente y sin \u00e1nimo de lucro, especializado en periodismo visual sobre la crisis clim\u00e1tica\" \/>\n<meta property=\"og:url\" content=\"https:\/\/sondainternacional.com\/en\/cookie-policy\/\" \/>\n<meta property=\"og:site_name\" content=\"SONDA Internacional\" \/>\n<meta property=\"article:publisher\" content=\"https:\/\/www.facebook.com\/SONDAinternacional\/\" \/>\n<meta property=\"article:modified_time\" content=\"2022-04-27T13:23:06+00:00\" \/>\n<meta name=\"twitter:card\" content=\"summary_large_image\" \/>\n<meta name=\"twitter:site\" content=\"@SondaInt\" \/>\n<meta name=\"twitter:label1\" content=\"Est. reading time\" \/>\n\t<meta name=\"twitter:data1\" content=\"3 minutes\" \/>\n<script type=\"application\/ld+json\" class=\"yoast-schema-graph\">{\"@context\":\"https:\/\/schema.org\",\"@graph\":[{\"@type\":\"WebPage\",\"@id\":\"https:\/\/sondainternacional.com\/en\/cookie-policy\/\",\"url\":\"https:\/\/sondainternacional.com\/en\/cookie-policy\/\",\"name\":\"Cookie Policy - SONDA Internacional\",\"isPartOf\":{\"@id\":\"https:\/\/sondainternacional.com\/en\/#website\"},\"datePublished\":\"2022-03-09T09:10:53+00:00\",\"dateModified\":\"2022-04-27T13:23:06+00:00\",\"description\":\"SONDA Internacional, medio de comunicaci\u00f3n independiente y sin \u00e1nimo de lucro, especializado en periodismo visual sobre la crisis clim\u00e1tica\",\"breadcrumb\":{\"@id\":\"https:\/\/sondainternacional.com\/en\/cookie-policy\/#breadcrumb\"},\"inLanguage\":\"en-US\",\"potentialAction\":[{\"@type\":\"ReadAction\",\"target\":[\"https:\/\/sondainternacional.com\/en\/cookie-policy\/\"]}]},{\"@type\":\"BreadcrumbList\",\"@id\":\"https:\/\/sondainternacional.com\/en\/cookie-policy\/#breadcrumb\",\"itemListElement\":[{\"@type\":\"ListItem\",\"position\":1,\"name\":\"Sonda Internacional\",\"item\":\"https:\/\/sondainternacional.com\/en\/\"},{\"@type\":\"ListItem\",\"position\":2,\"name\":\"Cookie Policy\"}]},{\"@type\":\"WebSite\",\"@id\":\"https:\/\/sondainternacional.com\/en\/#website\",\"url\":\"https:\/\/sondainternacional.com\/en\/\",\"name\":\"SONDA Internacional\",\"description\":\"Sonda internacional - Periodismo Visual sobre la Crisis Clim\u00e1tica\",\"publisher\":{\"@id\":\"https:\/\/sondainternacional.com\/en\/#organization\"},\"potentialAction\":[{\"@type\":\"SearchAction\",\"target\":{\"@type\":\"EntryPoint\",\"urlTemplate\":\"https:\/\/sondainternacional.com\/en\/?s={search_term_string}\"},\"query-input\":\"required name=search_term_string\"}],\"inLanguage\":\"en-US\"},{\"@type\":\"Organization\",\"@id\":\"https:\/\/sondainternacional.com\/en\/#organization\",\"name\":\"Sonda Internacional\",\"url\":\"https:\/\/sondainternacional.com\/en\/\",\"logo\":{\"@type\":\"ImageObject\",\"inLanguage\":\"en-US\",\"@id\":\"https:\/\/sondainternacional.com\/en\/#\/schema\/logo\/image\/\",\"url\":\"https:\/\/sondainternacional.com\/wp-content\/uploads\/2022\/03\/logotipo-sonda-3.png\",\"contentUrl\":\"https:\/\/sondainternacional.com\/wp-content\/uploads\/2022\/03\/logotipo-sonda-3.png\",\"width\":576,\"height\":195,\"caption\":\"Sonda Internacional\"},\"image\":{\"@id\":\"https:\/\/sondainternacional.com\/en\/#\/schema\/logo\/image\/\"},\"sameAs\":[\"https:\/\/www.facebook.com\/SONDAinternacional\/\",\"https:\/\/x.com\/SondaInt\",\"https:\/\/www.instagram.com\/sondainternacional\/\",\"https:\/\/www.linkedin.com\/company\/sonda-internacional\/\",\"https:\/\/www.youtube.com\/channel\/UCfXRwpt3KDr2WtAMXMRfUhw\",\"https:\/\/en.wikipedia.org\/wiki\/Santi_Palacios\"]}]}<\/script>\n<!-- \/ Yoast SEO plugin. -->","yoast_head_json":{"title":"Cookie Policy - SONDA Internacional","description":"SONDA Internacional, medio de comunicaci\u00f3n independiente y sin \u00e1nimo de lucro, especializado en periodismo visual sobre la crisis clim\u00e1tica","robots":{"index":"index","follow":"follow","max-snippet":"max-snippet:-1","max-image-preview":"max-image-preview:large","max-video-preview":"max-video-preview:-1"},"canonical":"https:\/\/sondainternacional.com\/en\/cookie-policy\/","og_locale":"en_US","og_type":"article","og_title":"Cookie Policy - SONDA Internacional","og_description":"SONDA Internacional, medio de comunicaci\u00f3n independiente y sin \u00e1nimo de lucro, especializado en periodismo visual sobre la crisis clim\u00e1tica","og_url":"https:\/\/sondainternacional.com\/en\/cookie-policy\/","og_site_name":"SONDA Internacional","article_publisher":"https:\/\/www.facebook.com\/SONDAinternacional\/","article_modified_time":"2022-04-27T13:23:06+00:00","twitter_card":"summary_large_image","twitter_site":"@SondaInt","twitter_misc":{"Est. reading time":"3 minutes"},"schema":{"@context":"https:\/\/schema.org","@graph":[{"@type":"WebPage","@id":"https:\/\/sondainternacional.com\/en\/cookie-policy\/","url":"https:\/\/sondainternacional.com\/en\/cookie-policy\/","name":"Cookie Policy - SONDA Internacional","isPartOf":{"@id":"https:\/\/sondainternacional.com\/en\/#website"},"datePublished":"2022-03-09T09:10:53+00:00","dateModified":"2022-04-27T13:23:06+00:00","description":"SONDA Internacional, medio de comunicaci\u00f3n independiente y sin \u00e1nimo de lucro, especializado en periodismo visual sobre la crisis clim\u00e1tica","breadcrumb":{"@id":"https:\/\/sondainternacional.com\/en\/cookie-policy\/#breadcrumb"},"inLanguage":"en-US","potentialAction":[{"@type":"ReadAction","target":["https:\/\/sondainternacional.com\/en\/cookie-policy\/"]}]},{"@type":"BreadcrumbList","@id":"https:\/\/sondainternacional.com\/en\/cookie-policy\/#breadcrumb","itemListElement":[{"@type":"ListItem","position":1,"name":"Sonda Internacional","item":"https:\/\/sondainternacional.com\/en\/"},{"@type":"ListItem","position":2,"name":"Cookie Policy"}]},{"@type":"WebSite","@id":"https:\/\/sondainternacional.com\/en\/#website","url":"https:\/\/sondainternacional.com\/en\/","name":"SONDA Internacional","description":"Sonda internacional - Periodismo Visual sobre la Crisis Clim\u00e1tica","publisher":{"@id":"https:\/\/sondainternacional.com\/en\/#organization"},"potentialAction":[{"@type":"SearchAction","target":{"@type":"EntryPoint","urlTemplate":"https:\/\/sondainternacional.com\/en\/?s={search_term_string}"},"query-input":"required name=search_term_string"}],"inLanguage":"en-US"},{"@type":"Organization","@id":"https:\/\/sondainternacional.com\/en\/#organization","name":"Sonda Internacional","url":"https:\/\/sondainternacional.com\/en\/","logo":{"@type":"ImageObject","inLanguage":"en-US","@id":"https:\/\/sondainternacional.com\/en\/#\/schema\/logo\/image\/","url":"https:\/\/sondainternacional.com\/wp-content\/uploads\/2022\/03\/logotipo-sonda-3.png","contentUrl":"https:\/\/sondainternacional.com\/wp-content\/uploads\/2022\/03\/logotipo-sonda-3.png","width":576,"height":195,"caption":"Sonda Internacional"},"image":{"@id":"https:\/\/sondainternacional.com\/en\/#\/schema\/logo\/image\/"},"sameAs":["https:\/\/www.facebook.com\/SONDAinternacional\/","https:\/\/x.com\/SondaInt","https:\/\/www.instagram.com\/sondainternacional\/","https:\/\/www.linkedin.com\/company\/sonda-internacional\/","https:\/\/www.youtube.com\/channel\/UCfXRwpt3KDr2WtAMXMRfUhw","https:\/\/en.wikipedia.org\/wiki\/Santi_Palacios"]}]}},"_links":{"self":[{"href":"https:\/\/sondainternacional.com\/en\/wp-json\/wp\/v2\/pages\/302","targetHints":{"allow":["GET"]}}],"collection":[{"href":"https:\/\/sondainternacional.com\/en\/wp-json\/wp\/v2\/pages"}],"about":[{"href":"https:\/\/sondainternacional.com\/en\/wp-json\/wp\/v2\/types\/page"}],"author":[{"embeddable":true,"href":"https:\/\/sondainternacional.com\/en\/wp-json\/wp\/v2\/users\/1"}],"replies":[{"embeddable":true,"href":"https:\/\/sondainternacional.com\/en\/wp-json\/wp\/v2\/comments?post=302"}],"version-history":[{"count":4,"href":"https:\/\/sondainternacional.com\/en\/wp-json\/wp\/v2\/pages\/302\/revisions"}],"predecessor-version":[{"id":785,"href":"https:\/\/sondainternacional.com\/en\/wp-json\/wp\/v2\/pages\/302\/revisions\/785"}],"wp:attachment":[{"href":"https:\/\/sondainternacional.com\/en\/wp-json\/wp\/v2\/media?parent=302"}],"curies":[{"name":"wp","href":"https:\/\/api.w.org\/{rel}","templated":true}]}}