{"id":1464,"date":"2022-08-31T21:24:21","date_gmt":"2022-08-31T19:24:21","guid":{"rendered":"https:\/\/sondainternacional.com\/?page_id=1464"},"modified":"2024-09-24T14:46:01","modified_gmt":"2024-09-24T12:46:01","slug":"dona","status":"publish","type":"page","link":"https:\/\/sondainternacional.com\/en\/dona\/","title":{"rendered":"Your donation helps keep in-depth journalism alive"},"content":{"rendered":"\n\n<div id=\"donation_help-block_e1b5f0b7ef5a68129cf62846146a1d55\" class=\"block_donation_help section\">\n\t<div class=\"container\">\n\t\t<div class=\"row\">\n\t\t\t<h2>Other payment methods<\/h2>\n\t\t\t<div class=\"col-12 col-lg-6 col-xl-6\">\n\t\t\t\t<div class=\"bank_transfer\">\n\t\t\t\t\t<h3>Bank Transfer*<\/h3>\n\t\t\t\t\t<div>\n\t\t\t\t\t\t<p>Asociaci\u00f3n Sonda Internacional <\/p>\n\t\t\t\t\t\t<p>ES46 2100 0963 6702 0040 4733<\/p>\n\t\t\t\t\t<\/div>\n\t\t\t\t\t<span>\n\t\t\t\t\t\t*Email us at dona@sondainternacional.com after making your transfer and we will save your contact for future publication notifications and Sonda news.\t\t\t\t\t<\/span>\n\t\t\t\t<\/div>\n\t\t\t<\/div>\n\t\t\t\t\t\t<div class=\"col-12 col-lg-6 col-xl-6\">\n\t\t\t\t<div class=\"help-block\">\n\t\t\t\t\t<h2>Need help with your Donation?<\/h2>\n\t\t\t\t\t<a href=\"https:\/\/sondainternacional.com\/en\/contact-us\/\" class=\"the_button kensei_02\">\n\t\t\t\t\t\t<span>Contact us<\/span>\n\t\t\t\t\t<\/a>\n\t\t\t\t<\/div>\n\t\t\t<\/div>\n\t\t\t\t\t<\/div>\n\t<\/div>\n\t<\/div>\n\n\n\n\n\n<div id=\"two_block_link-block_fde6b32bca87d51f61dc35cb81f61de3\" class=\"block_two_block_link section\">\n\t<div class=\"container\">\n\t\t<div class=\"row\">\n\t\t\t<div class=\"col-12 col-lg-6 col-xl-6\">\n\t\t\t\t<div class=\"block_grid\">\n\t\t\t\t\t<h2>Transparency<\/h2>\n\t\t\t\t\t<p>Our accounts are transparent. Every donation you make goes into production costs. Annual reports are published in Spanish.<\/p>\n\t\t\t\t\t<a href=\"https:\/\/sondainternacional.com\/en\/transparency\/\" class=\"the_button kensei_02\"><span>More information<\/span><\/a>\n\t\t\t\t<\/div>\n\t\t\t<\/div>\n\t\t\t<div class=\"col-12 col-lg-6 col-xl-6\">\n\t\t\t\t<div class=\"block_grid\">\n\t\t\t\t\t<h2>Businesses<\/h2>\n\t\t\t\t\t<p>If your company is interested in collaborating with Sonda Internacional, please write to us here.<\/p>\n\t\t\t\t\t<a href=\"https:\/\/sondainternacional.com\/en\/empresas\/\" class=\"the_button kensei_02\"><span>More information<\/span><\/a>\n\t\t\t\t<\/div>\n\t\t\t<\/div>\n\t\t<\/div>\n\t<\/div>\n<\/div>\n\n\n","protected":false},"excerpt":{"rendered":"","protected":false},"author":1,"featured_media":10651,"parent":0,"menu_order":8,"comment_status":"closed","ping_status":"closed","template":"templates\/donation.php","meta":{"_acf_changed":false,"content-type":"","footnotes":""},"class_list":["post-1464","page","type-page","status-publish","has-post-thumbnail","hentry"],"acf":[],"yoast_head":"<!-- This site is optimized with the Yoast SEO plugin v23.0 - https:\/\/yoast.com\/wordpress\/plugins\/seo\/ -->\n<title>Your donation helps keep in-depth journalism alive - SONDA Internacional<\/title>\n<meta name=\"description\" content=\"SONDA Internacional, medio de comunicaci\u00f3n independiente y sin \u00e1nimo de lucro, especializado en periodismo visual sobre la crisis clim\u00e1tica\" \/>\n<meta name=\"robots\" content=\"index, follow, max-snippet:-1, max-image-preview:large, max-video-preview:-1\" \/>\n<link rel=\"canonical\" href=\"https:\/\/sondainternacional.com\/en\/dona\/\" \/>\n<meta property=\"og:locale\" content=\"en_US\" \/>\n<meta property=\"og:type\" content=\"article\" \/>\n<meta property=\"og:title\" content=\"El periodismo en profundidad no es econ\u00f3micamente rentable\" \/>\n<meta property=\"og:description\" content=\"Pero merece la pena que exista\" \/>\n<meta property=\"og:url\" content=\"https:\/\/sondainternacional.com\/en\/dona\/\" \/>\n<meta property=\"og:site_name\" content=\"SONDA Internacional\" \/>\n<meta property=\"article:publisher\" content=\"https:\/\/www.facebook.com\/SONDAinternacional\/\" \/>\n<meta property=\"article:modified_time\" content=\"2024-09-24T12:46:01+00:00\" \/>\n<meta property=\"og:image\" content=\"https:\/\/test.sondainternacional.com\/wp-content\/uploads\/2024\/09\/09_santi-palacios_in-the-abode-of-clouds-1.jpg\" \/>\n\t<meta property=\"og:image:width\" content=\"2000\" \/>\n\t<meta property=\"og:image:height\" content=\"1333\" \/>\n\t<meta property=\"og:image:type\" content=\"image\/jpeg\" \/>\n<meta name=\"twitter:card\" content=\"summary_large_image\" \/>\n<meta name=\"twitter:image\" content=\"https:\/\/sondainternacional.com\/wp-content\/uploads\/2024\/03\/bocetos-dona-post-de-twitter.jpg\" \/>\n<meta name=\"twitter:site\" content=\"@SondaInt\" \/>\n<meta name=\"twitter:label1\" content=\"Est. reading time\" \/>\n\t<meta name=\"twitter:data1\" content=\"1 minute\" \/>\n<script type=\"application\/ld+json\" class=\"yoast-schema-graph\">{\"@context\":\"https:\/\/schema.org\",\"@graph\":[{\"@type\":\"WebPage\",\"@id\":\"https:\/\/sondainternacional.com\/en\/dona\/\",\"url\":\"https:\/\/sondainternacional.com\/en\/dona\/\",\"name\":\"Your donation helps keep in-depth journalism alive - SONDA Internacional\",\"isPartOf\":{\"@id\":\"https:\/\/sondainternacional.com\/en\/#website\"},\"primaryImageOfPage\":{\"@id\":\"https:\/\/sondainternacional.com\/en\/dona\/#primaryimage\"},\"image\":{\"@id\":\"https:\/\/sondainternacional.com\/en\/dona\/#primaryimage\"},\"thumbnailUrl\":\"https:\/\/sondainternacional.com\/wp-content\/uploads\/2024\/09\/09_santi-palacios_in-the-abode-of-clouds-1.jpg\",\"datePublished\":\"2022-08-31T19:24:21+00:00\",\"dateModified\":\"2024-09-24T12:46:01+00:00\",\"description\":\"SONDA Internacional, medio de comunicaci\u00f3n independiente y sin \u00e1nimo de lucro, especializado en periodismo visual sobre la crisis clim\u00e1tica\",\"breadcrumb\":{\"@id\":\"https:\/\/sondainternacional.com\/en\/dona\/#breadcrumb\"},\"inLanguage\":\"en-US\",\"potentialAction\":[{\"@type\":\"ReadAction\",\"target\":[\"https:\/\/sondainternacional.com\/en\/dona\/\"]}]},{\"@type\":\"ImageObject\",\"inLanguage\":\"en-US\",\"@id\":\"https:\/\/sondainternacional.com\/en\/dona\/#primaryimage\",\"url\":\"https:\/\/sondainternacional.com\/wp-content\/uploads\/2024\/09\/09_santi-palacios_in-the-abode-of-clouds-1.jpg\",\"contentUrl\":\"https:\/\/sondainternacional.com\/wp-content\/uploads\/2024\/09\/09_santi-palacios_in-the-abode-of-clouds-1.jpg\",\"width\":2000,\"height\":1333},{\"@type\":\"BreadcrumbList\",\"@id\":\"https:\/\/sondainternacional.com\/en\/dona\/#breadcrumb\",\"itemListElement\":[{\"@type\":\"ListItem\",\"position\":1,\"name\":\"Sonda Internacional\",\"item\":\"https:\/\/sondainternacional.com\/en\/\"},{\"@type\":\"ListItem\",\"position\":2,\"name\":\"Your donation helps keep in-depth journalism alive\"}]},{\"@type\":\"WebSite\",\"@id\":\"https:\/\/sondainternacional.com\/en\/#website\",\"url\":\"https:\/\/sondainternacional.com\/en\/\",\"name\":\"SONDA Internacional\",\"description\":\"Sonda internacional - Periodismo Visual sobre la Crisis Clim\u00e1tica\",\"publisher\":{\"@id\":\"https:\/\/sondainternacional.com\/en\/#organization\"},\"potentialAction\":[{\"@type\":\"SearchAction\",\"target\":{\"@type\":\"EntryPoint\",\"urlTemplate\":\"https:\/\/sondainternacional.com\/en\/?s={search_term_string}\"},\"query-input\":\"required name=search_term_string\"}],\"inLanguage\":\"en-US\"},{\"@type\":\"Organization\",\"@id\":\"https:\/\/sondainternacional.com\/en\/#organization\",\"name\":\"Sonda Internacional\",\"url\":\"https:\/\/sondainternacional.com\/en\/\",\"logo\":{\"@type\":\"ImageObject\",\"inLanguage\":\"en-US\",\"@id\":\"https:\/\/sondainternacional.com\/en\/#\/schema\/logo\/image\/\",\"url\":\"https:\/\/sondainternacional.com\/wp-content\/uploads\/2022\/03\/logotipo-sonda-3.png\",\"contentUrl\":\"https:\/\/sondainternacional.com\/wp-content\/uploads\/2022\/03\/logotipo-sonda-3.png\",\"width\":576,\"height\":195,\"caption\":\"Sonda Internacional\"},\"image\":{\"@id\":\"https:\/\/sondainternacional.com\/en\/#\/schema\/logo\/image\/\"},\"sameAs\":[\"https:\/\/www.facebook.com\/SONDAinternacional\/\",\"https:\/\/x.com\/SondaInt\",\"https:\/\/www.instagram.com\/sondainternacional\/\",\"https:\/\/www.linkedin.com\/company\/sonda-internacional\/\",\"https:\/\/www.youtube.com\/channel\/UCfXRwpt3KDr2WtAMXMRfUhw\",\"https:\/\/en.wikipedia.org\/wiki\/Santi_Palacios\"]}]}<\/script>\n<!-- \/ Yoast SEO plugin. -->","yoast_head_json":{"title":"Your donation helps keep in-depth journalism alive - SONDA Internacional","description":"SONDA Internacional, medio de comunicaci\u00f3n independiente y sin \u00e1nimo de lucro, especializado en periodismo visual sobre la crisis clim\u00e1tica","robots":{"index":"index","follow":"follow","max-snippet":"max-snippet:-1","max-image-preview":"max-image-preview:large","max-video-preview":"max-video-preview:-1"},"canonical":"https:\/\/sondainternacional.com\/en\/dona\/","og_locale":"en_US","og_type":"article","og_title":"El periodismo en profundidad no es econ\u00f3micamente rentable","og_description":"Pero merece la pena que exista","og_url":"https:\/\/sondainternacional.com\/en\/dona\/","og_site_name":"SONDA Internacional","article_publisher":"https:\/\/www.facebook.com\/SONDAinternacional\/","article_modified_time":"2024-09-24T12:46:01+00:00","og_image":[{"width":2000,"height":1333,"url":"https:\/\/test.sondainternacional.com\/wp-content\/uploads\/2024\/09\/09_santi-palacios_in-the-abode-of-clouds-1.jpg","type":"image\/jpeg"}],"twitter_card":"summary_large_image","twitter_image":"https:\/\/sondainternacional.com\/wp-content\/uploads\/2024\/03\/bocetos-dona-post-de-twitter.jpg","twitter_site":"@SondaInt","twitter_misc":{"Est. reading time":"1 minute"},"schema":{"@context":"https:\/\/schema.org","@graph":[{"@type":"WebPage","@id":"https:\/\/sondainternacional.com\/en\/dona\/","url":"https:\/\/sondainternacional.com\/en\/dona\/","name":"Your donation helps keep in-depth journalism alive - SONDA Internacional","isPartOf":{"@id":"https:\/\/sondainternacional.com\/en\/#website"},"primaryImageOfPage":{"@id":"https:\/\/sondainternacional.com\/en\/dona\/#primaryimage"},"image":{"@id":"https:\/\/sondainternacional.com\/en\/dona\/#primaryimage"},"thumbnailUrl":"https:\/\/sondainternacional.com\/wp-content\/uploads\/2024\/09\/09_santi-palacios_in-the-abode-of-clouds-1.jpg","datePublished":"2022-08-31T19:24:21+00:00","dateModified":"2024-09-24T12:46:01+00:00","description":"SONDA Internacional, medio de comunicaci\u00f3n independiente y sin \u00e1nimo de lucro, especializado en periodismo visual sobre la crisis clim\u00e1tica","breadcrumb":{"@id":"https:\/\/sondainternacional.com\/en\/dona\/#breadcrumb"},"inLanguage":"en-US","potentialAction":[{"@type":"ReadAction","target":["https:\/\/sondainternacional.com\/en\/dona\/"]}]},{"@type":"ImageObject","inLanguage":"en-US","@id":"https:\/\/sondainternacional.com\/en\/dona\/#primaryimage","url":"https:\/\/sondainternacional.com\/wp-content\/uploads\/2024\/09\/09_santi-palacios_in-the-abode-of-clouds-1.jpg","contentUrl":"https:\/\/sondainternacional.com\/wp-content\/uploads\/2024\/09\/09_santi-palacios_in-the-abode-of-clouds-1.jpg","width":2000,"height":1333},{"@type":"BreadcrumbList","@id":"https:\/\/sondainternacional.com\/en\/dona\/#breadcrumb","itemListElement":[{"@type":"ListItem","position":1,"name":"Sonda Internacional","item":"https:\/\/sondainternacional.com\/en\/"},{"@type":"ListItem","position":2,"name":"Your donation helps keep in-depth journalism alive"}]},{"@type":"WebSite","@id":"https:\/\/sondainternacional.com\/en\/#website","url":"https:\/\/sondainternacional.com\/en\/","name":"SONDA Internacional","description":"Sonda internacional - Periodismo Visual sobre la Crisis Clim\u00e1tica","publisher":{"@id":"https:\/\/sondainternacional.com\/en\/#organization"},"potentialAction":[{"@type":"SearchAction","target":{"@type":"EntryPoint","urlTemplate":"https:\/\/sondainternacional.com\/en\/?s={search_term_string}"},"query-input":"required name=search_term_string"}],"inLanguage":"en-US"},{"@type":"Organization","@id":"https:\/\/sondainternacional.com\/en\/#organization","name":"Sonda Internacional","url":"https:\/\/sondainternacional.com\/en\/","logo":{"@type":"ImageObject","inLanguage":"en-US","@id":"https:\/\/sondainternacional.com\/en\/#\/schema\/logo\/image\/","url":"https:\/\/sondainternacional.com\/wp-content\/uploads\/2022\/03\/logotipo-sonda-3.png","contentUrl":"https:\/\/sondainternacional.com\/wp-content\/uploads\/2022\/03\/logotipo-sonda-3.png","width":576,"height":195,"caption":"Sonda Internacional"},"image":{"@id":"https:\/\/sondainternacional.com\/en\/#\/schema\/logo\/image\/"},"sameAs":["https:\/\/www.facebook.com\/SONDAinternacional\/","https:\/\/x.com\/SondaInt","https:\/\/www.instagram.com\/sondainternacional\/","https:\/\/www.linkedin.com\/company\/sonda-internacional\/","https:\/\/www.youtube.com\/channel\/UCfXRwpt3KDr2WtAMXMRfUhw","https:\/\/en.wikipedia.org\/wiki\/Santi_Palacios"]}]}},"_links":{"self":[{"href":"https:\/\/sondainternacional.com\/en\/wp-json\/wp\/v2\/pages\/1464","targetHints":{"allow":["GET"]}}],"collection":[{"href":"https:\/\/sondainternacional.com\/en\/wp-json\/wp\/v2\/pages"}],"about":[{"href":"https:\/\/sondainternacional.com\/en\/wp-json\/wp\/v2\/types\/page"}],"author":[{"embeddable":true,"href":"https:\/\/sondainternacional.com\/en\/wp-json\/wp\/v2\/users\/1"}],"replies":[{"embeddable":true,"href":"https:\/\/sondainternacional.com\/en\/wp-json\/wp\/v2\/comments?post=1464"}],"version-history":[{"count":630,"href":"https:\/\/sondainternacional.com\/en\/wp-json\/wp\/v2\/pages\/1464\/revisions"}],"predecessor-version":[{"id":10723,"href":"https:\/\/sondainternacional.com\/en\/wp-json\/wp\/v2\/pages\/1464\/revisions\/10723"}],"wp:featuredmedia":[{"embeddable":true,"href":"https:\/\/sondainternacional.com\/en\/wp-json\/wp\/v2\/media\/10651"}],"wp:attachment":[{"href":"https:\/\/sondainternacional.com\/en\/wp-json\/wp\/v2\/media?parent=1464"}],"curies":[{"name":"wp","href":"https:\/\/api.w.org\/{rel}","templated":true}]}}