{"id":10382,"date":"2024-09-02T10:50:44","date_gmt":"2024-09-02T08:50:44","guid":{"rendered":"https:\/\/test.sondainternacional.com\/transparencia\/"},"modified":"2024-11-20T13:33:37","modified_gmt":"2024-11-20T12:33:37","slug":"transparency","status":"publish","type":"page","link":"https:\/\/sondainternacional.com\/en\/transparency\/","title":{"rendered":"Transparency and accountability"},"content":{"rendered":"\n\n\n<section id=\"intro_page-block_50f8e5e30bc1186b8148b6fd8959c57d\" class=\"block_intro_page\">\n\t<div class=\"container\">\n\t\t<div class=\"row justify-content-left align-items-center\">\n\t\t\t<div class=\"col-12 col-sm-10 col-lg-12 col-xl-12\">\n\t\t\t\t<div class=\"content\">\n\t\t\t\t\t<h2>Transparency and accountability<\/h2>\n\t\t\t\t\t<div class=\"content-text\">\n\t\t\t\t\t\t<p>Our accounts are transparent. Every donation goes into production costs.<\/p>\n\t\t\t\t\t\t\t\t\t\t\t<\/div>\n\t\t\t\t<\/div>\n\t\t\t<\/div>\n\t\t<\/div>\n\t<\/div>\n<\/section>\n\n\n\n\n\n\n\n<section id=\"transparency_posts-block_d3abc0b39c4a849fd412ce89f7b9b241\" class=\"block_transparency_posts\">\n\t<div class=\"container\">\n\t\t<div class=\"row justify-content-start align-items-start\">\n\t\t\t<div class=\"col-12 col-md-12 col-lg-9 col-xl-9 title-block\">\n\t\t\t\t<h2>We want you to know exactly how we use your support to continue telling crucial stories on the climate crisis.<\/h2>\n\t\t\t\t<p>Our annual accounts are at this stage only available in Spanish.<\/p>\n\t\t\t<\/div>\n\t\t\t<div class=\"col-12 col-md-12 col-lg-12 col-xl-12\">\n\t\t\t\t<div class=\"posts-block\">\n\t\t\t\t\t<div class=\"row justify-content-center align-items-start\">\n\t\t\t\t\t\t\t\t\t\t\t\t\n\t\t\t\t\t<\/div>\n\t\t\t\t<\/div>\n\t\t\t<\/div>\n\t\t<\/div>\n\t<\/div>\n<\/section>\n\n\t\n\n<!-- IMPORTANTE: A\u00f1adir texto actualizado a $banner_text -->\n\t\n<div class=\"new_prefooter\">\n\t<div class=\"container\">\n\t\t<div class=\"row justify-content-center\">\n\t\t\t<div class=\"col-12 col-lg-12 col-xl-6\">\n\t\t\t\t\t\t\t\t\n\t\t\t\t\t\t\t\t\t<h2>Support visual journalism on the climate crisis<\/h2>\n\t\t\t\t\t<p style=\"text-align: center;\">In-depth journalism is not economically profitable.<\/p>\n<p style=\"text-align: center;\">But it needs to exist.<\/p>\n\t\t\t\t\t<a href=\"https:\/\/sondainternacional.com\/en\/dona\/\" class=\"the_button kensei_02\"><span>Donate <\/span><\/a>\n\t\t\t\t\n\t\t\t\t\t\t\t<\/div>\n\t\t<\/div>\n\t<\/div>\n<\/div>\n\n\n\n<div class=\"project_grid_lv4_\">\n\t<div class=\"container\">\n\t\t<div class=\"row justify-content-start\">\n\t\t\t<div class=\"col-12 col-md-12 col-lg-6 col-xl-5\"> \n\t\t\t\t<div class=\"newsletter\">\n\t\t\t\t\t<div>\n\t\t\t\t\t\t<h4>Subscribe to our newsletter<\/h4>\n\t\t\t\t\t\t<p>Be the first to receive the latest publications from Sonda Internacional<\/p>\n\t\t\t\t\t<\/div>\n\n\t\t\t\t\t<div id=\"mc_embed_shell\">\n\t<link href=\"\/\/cdn-images.mailchimp.com\/embedcode\/classic-061523.css\" rel=\"stylesheet\" type=\"text\/css\">\n\t<div id=\"mc_embed_signup\" class=\"subscription_form\">\n\t\t<form action=\"https:\/\/sondainternacional.us14.list-manage.com\/subscribe\/post?u=90c641a4bcc46d268fea8e0c0&amp;id=27b1fed034&amp;f_id=0092fbe0f0\" method=\"post\" id=\"mc-embedded-subscribe-form\" name=\"mc-embedded-subscribe-form\" class=\"validate\" target=\"_blank\">\n\t\t\t<div id=\"mc_embed_signup_scroll\">\n\t\t\t\t<div class=\"mc-field-group\">\n\t\t\t\t<label for=\"mce-EMAIL\">Email <span class=\"asterisk\">*<\/span>\n\t\t\t\t<\/label>\n\t\t\t\t<input type=\"email\" name=\"EMAIL\" class=\"required email\" id=\"mce-EMAIL\" required=\"\" value=\"\">\n\t\t\t\t<\/div>\n\t\t\t\t<div class=\"mc-field-group\">\n\t\t\t\t<label for=\"mce-FNAME\">First Name <span class=\"asterisk\">*<\/span>\n\t\t\t\t<\/label>\n\t\t\t\t<input type=\"text\" name=\"FNAME\" class=\"required text\" id=\"mce-FNAME\" required=\"\" value=\"\">\n\t\t\t\t<\/div>\n\t\t\t\t<div class=\"mc-field-group\">\n\t\t\t\t<label for=\"mce-LNAME\">Surname <span class=\"asterisk\">*<\/span>\n\t\t\t\t<\/label>\n\t\t\t\t<input type=\"text\" name=\"LNAME\" class=\"required text\" id=\"mce-LNAME\" required=\"\" value=\"\">\n\t\t\t\t<\/div>\n\t\t\t\t<div hidden=\"\">\n\t\t\t\t<input type=\"hidden\" name=\"tags\" value=\"7336762\">\n\t\t\t\t<\/div>\n\t\t\t\t<div id=\"mce-responses\" class=\"clear\">\n\t\t\t\t<div class=\"response\" id=\"mce-error-response\" style=\"display: none;\"><\/div>\n\t\t\t\t<div class=\"response\" id=\"mce-success-response\" style=\"display: none;\"><\/div>\n\t\t\t\t<\/div>\n\t\t\t\t<div aria-hidden=\"true\" style=\"position: absolute; left: -5000px;\">\n\t\t\t\t<input type=\"text\" name=\"b_90c641a4bcc46d268fea8e0c0_27b1fed034\" tabindex=\"-1\" value=\"\">\n\t\t\t\t<\/div>\n\t\t\t\t<div class=\"clear\">\n\t\t\t\t<!-- <div class=\"g-recaptcha\" data-sitekey=\"6LdEpF0qAAAAAEyOPq50ZK6aQx7lcOEZeZjIduN1\"><\/div> -->\n\t\t\t\t<input type=\"submit\" name=\"subscribe\" id=\"mc-embedded-subscribe\" class=\"button\" value=\"Subscribirme\">\n\t\t\t\t<\/div>\n\t\t\t<\/div>\n\t\t\t\n\t\t\t<!-- <script src=\"https:\/\/www.google.com\/recaptcha\/api.js\" async defer><\/script> -->\n\n\t\t\t<!-- <script>\n\t\t\t\tdocument.getElementById('mc-embedded-subscribe-form').addEventListener('submit', function(e) {\n\t\t\t\t\tvar response = grecaptcha.getResponse();\n\t\t\t\t\tif(response.length == 0) {\n\t\t\t\t\talert('Por favor, completa el reCAPTCHA');\n\t\t\t\t\te.preventDefault(); \/\/ Evita que el formulario se env\u00ede\n\t\t\t\t\t}\n\t\t\t\t});\n\t\t\t<\/script> -->\n\t\t<\/form>\n\t<\/div>\n\t<script type=\"text\/javascript\" src=\"\/\/s3.amazonaws.com\/downloads.mailchimp.com\/js\/mc-validate.js\"><\/script>\n\t<script type=\"text\/javascript\">\n\t\t(function($) {\n\t\twindow.fnames = new Array();\n\t\twindow.ftypes = new Array();\n\t\tfnames[0] = 'EMAIL';\n\t\tftypes[0] = 'email';\n\t\tfnames[1] = 'FNAME';\n\t\tftypes[1] = 'text';\n\t\tfnames[2] = 'LNAME';\n\t\tftypes[2] = 'text';\n\t\tfnames[18] = 'LINK_UPDAT';\n\t\tftypes[18] = 'url';\n\t\tfnames[17] = 'TEXT_UPDAT';\n\t\tftypes[17] = 'text';\n\t\tfnames[16] = 'ERROR';\n\t\tftypes[16] = 'text';\n\t\tfnames[15] = 'TOTAL';\n\t\tftypes[15] = 'number';\n\t\tfnames[13] = 'EXP_YEAR';\n\t\tftypes[13] = 'number';\n\t\tfnames[10] = 'EXP_MONTH';\n\t\tftypes[10] = 'number';\n\t\tfnames[21] = 'CARDEXP';\n\t\tftypes[21] = 'date';\n\t\tfnames[20] = 'LAST_PAY';\n\t\tftypes[20] = 'date';\n\t\tfnames[8] = 'CREATED_AT';\n\t\tftypes[8] = 'date';\n\t\tfnames[9] = 'NEXT_PAY';\n\t\tftypes[9] = 'date';\n\t\tfnames[7] = 'PERIOD';\n\t\tftypes[7] = 'text';\n\t\tfnames[14] = 'SUSC_STAT';\n\t\tftypes[14] = 'text';\n\t\tfnames[6] = 'DEALDATE';\n\t\tftypes[6] = 'date';\n\t\tfnames[5] = 'AMOUNT';\n\t\tftypes[5] = 'text';\n\t\tfnames[12] = 'TIPODONA';\n\t\tftypes[12] = 'text';\n\t\tfnames[11] = 'PAY_LINK';\n\t\tftypes[11] = 'text';\n\t\tfnames[4] = 'PHONE';\n\t\tftypes[4] = 'phone';\n\t\tfnames[3] = 'ADDRESS';\n\t\tftypes[3] = 'address';\n\t\tfnames[19] = 'LINKSTRIPE';\n\t\tftypes[19] = 'text';\n\t\t\/*\n\t\t* Translated default messages for the $ validation plugin.\n\t\t* Locale: ES\n\t\t*\/\n\t\t$.extend($.validator.messages, {\n\t\t\trequired: \"Este campo es obligatorio.\",\n\t\t\tremote: \"Por favor, rellena este campo.\",\n\t\t\temail: \"Por favor, escribe una direcci\u00f3n de correo v\u00e1lida\",\n\t\t\turl: \"Por favor, escribe una URL v\u00e1lida.\",\n\t\t\tdate: \"Por favor, escribe una fecha v\u00e1lida.\",\n\t\t\tdateISO: \"Por favor, escribe una fecha (ISO) v\u00e1lida.\",\n\t\t\tnumber: \"Por favor, escribe un n\u00famero entero v\u00e1lido.\",\n\t\t\tdigits: \"Por favor, escribe s\u00f3lo d\u00edgitos.\",\n\t\t\tcreditcard: \"Por favor, escribe un n\u00famero de tarjeta v\u00e1lido.\",\n\t\t\tequalTo: \"Por favor, escribe el mismo valor de nuevo.\",\n\t\t\taccept: \"Por favor, escribe un valor con una extensi\u00f3n aceptada.\",\n\t\t\tmaxlength: $.validator.format(\"Por favor, no escribas m\u00e1s de {0} caracteres.\"),\n\t\t\tminlength: $.validator.format(\"Por favor, no escribas menos de {0} caracteres.\"),\n\t\t\trangelength: $.validator.format(\"Por favor, escribe un valor entre {0} y {1} caracteres.\"),\n\t\t\trange: $.validator.format(\"Por favor, escribe un valor entre {0} y {1}.\"),\n\t\t\tmax: $.validator.format(\"Por favor, escribe un valor menor o igual a {0}.\"),\n\t\t\tmin: $.validator.format(\"Por favor, escribe un valor mayor o igual a {0}.\")\n\t\t});\n\t\t}(jQuery));\n\t\tvar $mcj = jQuery.noConflict(true);\n\t<\/script>\n<\/div>\n\t\t\t\t\t\t\t\t\t<\/div>\n\t\t\t<\/div>\n\t\t\t\n\t\t<\/div>\n\t<\/div>\n\t<div id=\"nwsltr_background_image\" style=\"background-image:url('https:\/\/sondainternacional.com\/wp-content\/uploads\/2023\/12\/santi-palacios_002.jpg')\">\n\n\t<\/div>\n<\/div>","protected":false},"excerpt":{"rendered":"","protected":false},"author":11,"featured_media":0,"parent":0,"menu_order":0,"comment_status":"closed","ping_status":"closed","template":"templates\/primary.php","meta":{"_acf_changed":false,"content-type":"","footnotes":""},"class_list":["post-10382","page","type-page","status-publish","hentry"],"acf":[],"yoast_head":"<!-- This site is optimized with the Yoast SEO plugin v23.0 - https:\/\/yoast.com\/wordpress\/plugins\/seo\/ -->\n<title>Transparency and accountability - SONDA Internacional<\/title>\n<meta name=\"description\" content=\"SONDA Internacional, medio de comunicaci\u00f3n independiente y sin \u00e1nimo de lucro, especializado en periodismo visual sobre la crisis clim\u00e1tica\" \/>\n<meta name=\"robots\" content=\"index, follow, max-snippet:-1, max-image-preview:large, max-video-preview:-1\" \/>\n<link rel=\"canonical\" href=\"https:\/\/sondainternacional.com\/en\/transparency\/\" \/>\n<meta property=\"og:locale\" content=\"en_US\" \/>\n<meta property=\"og:type\" content=\"article\" \/>\n<meta property=\"og:title\" content=\"Transparency and accountability - SONDA Internacional\" \/>\n<meta property=\"og:description\" content=\"SONDA Internacional, medio de comunicaci\u00f3n independiente y sin \u00e1nimo de lucro, especializado en periodismo visual sobre la crisis clim\u00e1tica\" \/>\n<meta property=\"og:url\" content=\"https:\/\/sondainternacional.com\/en\/transparency\/\" \/>\n<meta property=\"og:site_name\" content=\"SONDA Internacional\" \/>\n<meta property=\"article:publisher\" content=\"https:\/\/www.facebook.com\/SONDAinternacional\/\" \/>\n<meta property=\"article:modified_time\" content=\"2024-11-20T12:33:37+00:00\" \/>\n<meta name=\"twitter:card\" content=\"summary_large_image\" \/>\n<meta name=\"twitter:site\" content=\"@SondaInt\" \/>\n<script type=\"application\/ld+json\" class=\"yoast-schema-graph\">{\"@context\":\"https:\/\/schema.org\",\"@graph\":[{\"@type\":\"WebPage\",\"@id\":\"https:\/\/sondainternacional.com\/en\/transparency\/\",\"url\":\"https:\/\/sondainternacional.com\/en\/transparency\/\",\"name\":\"Transparency and accountability - SONDA Internacional\",\"isPartOf\":{\"@id\":\"https:\/\/sondainternacional.com\/en\/#website\"},\"datePublished\":\"2024-09-02T08:50:44+00:00\",\"dateModified\":\"2024-11-20T12:33:37+00:00\",\"description\":\"SONDA Internacional, medio de comunicaci\u00f3n independiente y sin \u00e1nimo de lucro, especializado en periodismo visual sobre la crisis clim\u00e1tica\",\"breadcrumb\":{\"@id\":\"https:\/\/sondainternacional.com\/en\/transparency\/#breadcrumb\"},\"inLanguage\":\"en-US\",\"potentialAction\":[{\"@type\":\"ReadAction\",\"target\":[\"https:\/\/sondainternacional.com\/en\/transparency\/\"]}]},{\"@type\":\"BreadcrumbList\",\"@id\":\"https:\/\/sondainternacional.com\/en\/transparency\/#breadcrumb\",\"itemListElement\":[{\"@type\":\"ListItem\",\"position\":1,\"name\":\"Sonda Internacional\",\"item\":\"https:\/\/sondainternacional.com\/en\/\"},{\"@type\":\"ListItem\",\"position\":2,\"name\":\"Transparency and accountability\"}]},{\"@type\":\"WebSite\",\"@id\":\"https:\/\/sondainternacional.com\/en\/#website\",\"url\":\"https:\/\/sondainternacional.com\/en\/\",\"name\":\"SONDA Internacional\",\"description\":\"Sonda internacional - Periodismo Visual sobre la Crisis Clim\u00e1tica\",\"publisher\":{\"@id\":\"https:\/\/sondainternacional.com\/en\/#organization\"},\"potentialAction\":[{\"@type\":\"SearchAction\",\"target\":{\"@type\":\"EntryPoint\",\"urlTemplate\":\"https:\/\/sondainternacional.com\/en\/?s={search_term_string}\"},\"query-input\":\"required name=search_term_string\"}],\"inLanguage\":\"en-US\"},{\"@type\":\"Organization\",\"@id\":\"https:\/\/sondainternacional.com\/en\/#organization\",\"name\":\"Sonda Internacional\",\"url\":\"https:\/\/sondainternacional.com\/en\/\",\"logo\":{\"@type\":\"ImageObject\",\"inLanguage\":\"en-US\",\"@id\":\"https:\/\/sondainternacional.com\/en\/#\/schema\/logo\/image\/\",\"url\":\"https:\/\/sondainternacional.com\/wp-content\/uploads\/2022\/03\/logotipo-sonda-3.png\",\"contentUrl\":\"https:\/\/sondainternacional.com\/wp-content\/uploads\/2022\/03\/logotipo-sonda-3.png\",\"width\":576,\"height\":195,\"caption\":\"Sonda Internacional\"},\"image\":{\"@id\":\"https:\/\/sondainternacional.com\/en\/#\/schema\/logo\/image\/\"},\"sameAs\":[\"https:\/\/www.facebook.com\/SONDAinternacional\/\",\"https:\/\/x.com\/SondaInt\",\"https:\/\/www.instagram.com\/sondainternacional\/\",\"https:\/\/www.linkedin.com\/company\/sonda-internacional\/\",\"https:\/\/www.youtube.com\/channel\/UCfXRwpt3KDr2WtAMXMRfUhw\",\"https:\/\/en.wikipedia.org\/wiki\/Santi_Palacios\"]}]}<\/script>\n<!-- \/ Yoast SEO plugin. -->","yoast_head_json":{"title":"Transparency and accountability - SONDA Internacional","description":"SONDA Internacional, medio de comunicaci\u00f3n independiente y sin \u00e1nimo de lucro, especializado en periodismo visual sobre la crisis clim\u00e1tica","robots":{"index":"index","follow":"follow","max-snippet":"max-snippet:-1","max-image-preview":"max-image-preview:large","max-video-preview":"max-video-preview:-1"},"canonical":"https:\/\/sondainternacional.com\/en\/transparency\/","og_locale":"en_US","og_type":"article","og_title":"Transparency and accountability - SONDA Internacional","og_description":"SONDA Internacional, medio de comunicaci\u00f3n independiente y sin \u00e1nimo de lucro, especializado en periodismo visual sobre la crisis clim\u00e1tica","og_url":"https:\/\/sondainternacional.com\/en\/transparency\/","og_site_name":"SONDA Internacional","article_publisher":"https:\/\/www.facebook.com\/SONDAinternacional\/","article_modified_time":"2024-11-20T12:33:37+00:00","twitter_card":"summary_large_image","twitter_site":"@SondaInt","schema":{"@context":"https:\/\/schema.org","@graph":[{"@type":"WebPage","@id":"https:\/\/sondainternacional.com\/en\/transparency\/","url":"https:\/\/sondainternacional.com\/en\/transparency\/","name":"Transparency and accountability - SONDA Internacional","isPartOf":{"@id":"https:\/\/sondainternacional.com\/en\/#website"},"datePublished":"2024-09-02T08:50:44+00:00","dateModified":"2024-11-20T12:33:37+00:00","description":"SONDA Internacional, medio de comunicaci\u00f3n independiente y sin \u00e1nimo de lucro, especializado en periodismo visual sobre la crisis clim\u00e1tica","breadcrumb":{"@id":"https:\/\/sondainternacional.com\/en\/transparency\/#breadcrumb"},"inLanguage":"en-US","potentialAction":[{"@type":"ReadAction","target":["https:\/\/sondainternacional.com\/en\/transparency\/"]}]},{"@type":"BreadcrumbList","@id":"https:\/\/sondainternacional.com\/en\/transparency\/#breadcrumb","itemListElement":[{"@type":"ListItem","position":1,"name":"Sonda Internacional","item":"https:\/\/sondainternacional.com\/en\/"},{"@type":"ListItem","position":2,"name":"Transparency and accountability"}]},{"@type":"WebSite","@id":"https:\/\/sondainternacional.com\/en\/#website","url":"https:\/\/sondainternacional.com\/en\/","name":"SONDA Internacional","description":"Sonda internacional - Periodismo Visual sobre la Crisis Clim\u00e1tica","publisher":{"@id":"https:\/\/sondainternacional.com\/en\/#organization"},"potentialAction":[{"@type":"SearchAction","target":{"@type":"EntryPoint","urlTemplate":"https:\/\/sondainternacional.com\/en\/?s={search_term_string}"},"query-input":"required name=search_term_string"}],"inLanguage":"en-US"},{"@type":"Organization","@id":"https:\/\/sondainternacional.com\/en\/#organization","name":"Sonda Internacional","url":"https:\/\/sondainternacional.com\/en\/","logo":{"@type":"ImageObject","inLanguage":"en-US","@id":"https:\/\/sondainternacional.com\/en\/#\/schema\/logo\/image\/","url":"https:\/\/sondainternacional.com\/wp-content\/uploads\/2022\/03\/logotipo-sonda-3.png","contentUrl":"https:\/\/sondainternacional.com\/wp-content\/uploads\/2022\/03\/logotipo-sonda-3.png","width":576,"height":195,"caption":"Sonda Internacional"},"image":{"@id":"https:\/\/sondainternacional.com\/en\/#\/schema\/logo\/image\/"},"sameAs":["https:\/\/www.facebook.com\/SONDAinternacional\/","https:\/\/x.com\/SondaInt","https:\/\/www.instagram.com\/sondainternacional\/","https:\/\/www.linkedin.com\/company\/sonda-internacional\/","https:\/\/www.youtube.com\/channel\/UCfXRwpt3KDr2WtAMXMRfUhw","https:\/\/en.wikipedia.org\/wiki\/Santi_Palacios"]}]}},"_links":{"self":[{"href":"https:\/\/sondainternacional.com\/en\/wp-json\/wp\/v2\/pages\/10382","targetHints":{"allow":["GET"]}}],"collection":[{"href":"https:\/\/sondainternacional.com\/en\/wp-json\/wp\/v2\/pages"}],"about":[{"href":"https:\/\/sondainternacional.com\/en\/wp-json\/wp\/v2\/types\/page"}],"author":[{"embeddable":true,"href":"https:\/\/sondainternacional.com\/en\/wp-json\/wp\/v2\/users\/11"}],"replies":[{"embeddable":true,"href":"https:\/\/sondainternacional.com\/en\/wp-json\/wp\/v2\/comments?post=10382"}],"version-history":[{"count":6,"href":"https:\/\/sondainternacional.com\/en\/wp-json\/wp\/v2\/pages\/10382\/revisions"}],"predecessor-version":[{"id":11260,"href":"https:\/\/sondainternacional.com\/en\/wp-json\/wp\/v2\/pages\/10382\/revisions\/11260"}],"wp:attachment":[{"href":"https:\/\/sondainternacional.com\/en\/wp-json\/wp\/v2\/media?parent=10382"}],"curies":[{"name":"wp","href":"https:\/\/api.w.org\/{rel}","templated":true}]}}