{"id":10255,"date":"2024-07-24T18:03:15","date_gmt":"2024-07-24T16:03:15","guid":{"rendered":"https:\/\/test.sondainternacional.com\/?page_id=10255"},"modified":"2025-02-10T18:14:25","modified_gmt":"2025-02-10T17:14:25","slug":"element","status":"publish","type":"page","link":"https:\/\/sondainternacional.com\/en\/element\/","title":{"rendered":"Elements"},"content":{"rendered":"","protected":false},"excerpt":{"rendered":"","protected":false},"author":11,"featured_media":0,"parent":0,"menu_order":1,"comment_status":"closed","ping_status":"closed","template":"","meta":{"_acf_changed":false,"content-type":"","footnotes":""},"class_list":["post-10255","page","type-page","status-publish","hentry"],"acf":[],"yoast_head":"<!-- This site is optimized with the Yoast SEO plugin v23.0 - https:\/\/yoast.com\/wordpress\/plugins\/seo\/ -->\n<title>Elements - SONDA Internacional<\/title>\n<meta name=\"description\" content=\"SONDA Internacional, medio de comunicaci\u00f3n independiente y sin \u00e1nimo de lucro, especializado en periodismo visual sobre la crisis clim\u00e1tica\" \/>\n<meta name=\"robots\" content=\"noindex, follow\" \/>\n<meta property=\"og:locale\" content=\"en_US\" \/>\n<meta property=\"og:type\" content=\"article\" \/>\n<meta property=\"og:title\" content=\"Elements - SONDA Internacional\" \/>\n<meta property=\"og:description\" content=\"SONDA Internacional, medio de comunicaci\u00f3n independiente y sin \u00e1nimo de lucro, especializado en periodismo visual sobre la crisis clim\u00e1tica\" \/>\n<meta property=\"og:url\" content=\"https:\/\/sondainternacional.com\/en\/element\/\" \/>\n<meta property=\"og:site_name\" content=\"SONDA Internacional\" \/>\n<meta property=\"article:publisher\" content=\"https:\/\/www.facebook.com\/SONDAinternacional\/\" \/>\n<meta property=\"article:modified_time\" content=\"2025-02-10T17:14:25+00:00\" \/>\n<meta name=\"twitter:card\" content=\"summary_large_image\" \/>\n<meta name=\"twitter:site\" content=\"@SondaInt\" \/>\n<script type=\"application\/ld+json\" class=\"yoast-schema-graph\">{\"@context\":\"https:\/\/schema.org\",\"@graph\":[{\"@type\":\"WebPage\",\"@id\":\"https:\/\/sondainternacional.com\/en\/element\/\",\"url\":\"https:\/\/sondainternacional.com\/en\/element\/\",\"name\":\"Elements - SONDA Internacional\",\"isPartOf\":{\"@id\":\"https:\/\/sondainternacional.com\/en\/#website\"},\"datePublished\":\"2024-07-24T16:03:15+00:00\",\"dateModified\":\"2025-02-10T17:14:25+00:00\",\"description\":\"SONDA Internacional, medio de comunicaci\u00f3n independiente y sin \u00e1nimo de lucro, especializado en periodismo visual sobre la crisis clim\u00e1tica\",\"breadcrumb\":{\"@id\":\"https:\/\/sondainternacional.com\/en\/element\/#breadcrumb\"},\"inLanguage\":\"en-US\",\"potentialAction\":[{\"@type\":\"ReadAction\",\"target\":[\"https:\/\/sondainternacional.com\/en\/element\/\"]}]},{\"@type\":\"BreadcrumbList\",\"@id\":\"https:\/\/sondainternacional.com\/en\/element\/#breadcrumb\",\"itemListElement\":[{\"@type\":\"ListItem\",\"position\":1,\"name\":\"Sonda Internacional\",\"item\":\"https:\/\/sondainternacional.com\/en\/\"},{\"@type\":\"ListItem\",\"position\":2,\"name\":\"Elements\"}]},{\"@type\":\"WebSite\",\"@id\":\"https:\/\/sondainternacional.com\/en\/#website\",\"url\":\"https:\/\/sondainternacional.com\/en\/\",\"name\":\"SONDA Internacional\",\"description\":\"Sonda internacional - Periodismo Visual sobre la Crisis Clim\u00e1tica\",\"publisher\":{\"@id\":\"https:\/\/sondainternacional.com\/en\/#organization\"},\"potentialAction\":[{\"@type\":\"SearchAction\",\"target\":{\"@type\":\"EntryPoint\",\"urlTemplate\":\"https:\/\/sondainternacional.com\/en\/?s={search_term_string}\"},\"query-input\":\"required name=search_term_string\"}],\"inLanguage\":\"en-US\"},{\"@type\":\"Organization\",\"@id\":\"https:\/\/sondainternacional.com\/en\/#organization\",\"name\":\"Sonda Internacional\",\"url\":\"https:\/\/sondainternacional.com\/en\/\",\"logo\":{\"@type\":\"ImageObject\",\"inLanguage\":\"en-US\",\"@id\":\"https:\/\/sondainternacional.com\/en\/#\/schema\/logo\/image\/\",\"url\":\"https:\/\/sondainternacional.com\/wp-content\/uploads\/2022\/03\/logotipo-sonda-3.png\",\"contentUrl\":\"https:\/\/sondainternacional.com\/wp-content\/uploads\/2022\/03\/logotipo-sonda-3.png\",\"width\":576,\"height\":195,\"caption\":\"Sonda Internacional\"},\"image\":{\"@id\":\"https:\/\/sondainternacional.com\/en\/#\/schema\/logo\/image\/\"},\"sameAs\":[\"https:\/\/www.facebook.com\/SONDAinternacional\/\",\"https:\/\/x.com\/SondaInt\",\"https:\/\/www.instagram.com\/sondainternacional\/\",\"https:\/\/www.linkedin.com\/company\/sonda-internacional\/\",\"https:\/\/www.youtube.com\/channel\/UCfXRwpt3KDr2WtAMXMRfUhw\",\"https:\/\/en.wikipedia.org\/wiki\/Santi_Palacios\"]}]}<\/script>\n<!-- \/ Yoast SEO plugin. -->","yoast_head_json":{"title":"Elements - SONDA Internacional","description":"SONDA Internacional, medio de comunicaci\u00f3n independiente y sin \u00e1nimo de lucro, especializado en periodismo visual sobre la crisis clim\u00e1tica","robots":{"index":"noindex","follow":"follow"},"og_locale":"en_US","og_type":"article","og_title":"Elements - SONDA Internacional","og_description":"SONDA Internacional, medio de comunicaci\u00f3n independiente y sin \u00e1nimo de lucro, especializado en periodismo visual sobre la crisis clim\u00e1tica","og_url":"https:\/\/sondainternacional.com\/en\/element\/","og_site_name":"SONDA Internacional","article_publisher":"https:\/\/www.facebook.com\/SONDAinternacional\/","article_modified_time":"2025-02-10T17:14:25+00:00","twitter_card":"summary_large_image","twitter_site":"@SondaInt","schema":{"@context":"https:\/\/schema.org","@graph":[{"@type":"WebPage","@id":"https:\/\/sondainternacional.com\/en\/element\/","url":"https:\/\/sondainternacional.com\/en\/element\/","name":"Elements - SONDA Internacional","isPartOf":{"@id":"https:\/\/sondainternacional.com\/en\/#website"},"datePublished":"2024-07-24T16:03:15+00:00","dateModified":"2025-02-10T17:14:25+00:00","description":"SONDA Internacional, medio de comunicaci\u00f3n independiente y sin \u00e1nimo de lucro, especializado en periodismo visual sobre la crisis clim\u00e1tica","breadcrumb":{"@id":"https:\/\/sondainternacional.com\/en\/element\/#breadcrumb"},"inLanguage":"en-US","potentialAction":[{"@type":"ReadAction","target":["https:\/\/sondainternacional.com\/en\/element\/"]}]},{"@type":"BreadcrumbList","@id":"https:\/\/sondainternacional.com\/en\/element\/#breadcrumb","itemListElement":[{"@type":"ListItem","position":1,"name":"Sonda Internacional","item":"https:\/\/sondainternacional.com\/en\/"},{"@type":"ListItem","position":2,"name":"Elements"}]},{"@type":"WebSite","@id":"https:\/\/sondainternacional.com\/en\/#website","url":"https:\/\/sondainternacional.com\/en\/","name":"SONDA Internacional","description":"Sonda internacional - Periodismo Visual sobre la Crisis Clim\u00e1tica","publisher":{"@id":"https:\/\/sondainternacional.com\/en\/#organization"},"potentialAction":[{"@type":"SearchAction","target":{"@type":"EntryPoint","urlTemplate":"https:\/\/sondainternacional.com\/en\/?s={search_term_string}"},"query-input":"required name=search_term_string"}],"inLanguage":"en-US"},{"@type":"Organization","@id":"https:\/\/sondainternacional.com\/en\/#organization","name":"Sonda Internacional","url":"https:\/\/sondainternacional.com\/en\/","logo":{"@type":"ImageObject","inLanguage":"en-US","@id":"https:\/\/sondainternacional.com\/en\/#\/schema\/logo\/image\/","url":"https:\/\/sondainternacional.com\/wp-content\/uploads\/2022\/03\/logotipo-sonda-3.png","contentUrl":"https:\/\/sondainternacional.com\/wp-content\/uploads\/2022\/03\/logotipo-sonda-3.png","width":576,"height":195,"caption":"Sonda Internacional"},"image":{"@id":"https:\/\/sondainternacional.com\/en\/#\/schema\/logo\/image\/"},"sameAs":["https:\/\/www.facebook.com\/SONDAinternacional\/","https:\/\/x.com\/SondaInt","https:\/\/www.instagram.com\/sondainternacional\/","https:\/\/www.linkedin.com\/company\/sonda-internacional\/","https:\/\/www.youtube.com\/channel\/UCfXRwpt3KDr2WtAMXMRfUhw","https:\/\/en.wikipedia.org\/wiki\/Santi_Palacios"]}]}},"_links":{"self":[{"href":"https:\/\/sondainternacional.com\/en\/wp-json\/wp\/v2\/pages\/10255","targetHints":{"allow":["GET"]}}],"collection":[{"href":"https:\/\/sondainternacional.com\/en\/wp-json\/wp\/v2\/pages"}],"about":[{"href":"https:\/\/sondainternacional.com\/en\/wp-json\/wp\/v2\/types\/page"}],"author":[{"embeddable":true,"href":"https:\/\/sondainternacional.com\/en\/wp-json\/wp\/v2\/users\/11"}],"replies":[{"embeddable":true,"href":"https:\/\/sondainternacional.com\/en\/wp-json\/wp\/v2\/comments?post=10255"}],"version-history":[{"count":2,"href":"https:\/\/sondainternacional.com\/en\/wp-json\/wp\/v2\/pages\/10255\/revisions"}],"predecessor-version":[{"id":11835,"href":"https:\/\/sondainternacional.com\/en\/wp-json\/wp\/v2\/pages\/10255\/revisions\/11835"}],"wp:attachment":[{"href":"https:\/\/sondainternacional.com\/en\/wp-json\/wp\/v2\/media?parent=10255"}],"curies":[{"name":"wp","href":"https:\/\/api.w.org\/{rel}","templated":true}]}}