{"id":10243,"date":"2024-07-24T16:46:07","date_gmt":"2024-07-24T14:46:07","guid":{"rendered":"https:\/\/test.sondainternacional.com\/tiempo\/"},"modified":"2025-02-10T18:10:31","modified_gmt":"2025-02-10T17:10:31","slug":"time","status":"publish","type":"page","link":"https:\/\/sondainternacional.com\/en\/element\/time\/","title":{"rendered":"Time"},"content":{"rendered":"\n\n\n<section id=\"intro_page-block_7974c6b7e1680f8c4709d22e599253e4\" class=\"block_intro_page\">\n\t<div class=\"container\">\n\t\t<div class=\"row justify-content-left align-items-center\">\n\t\t\t<div class=\"col-12 col-sm-10 col-lg-12 col-xl-12\">\n\t\t\t\t<div class=\"content\">\n\t\t\t\t\t<h2>Time<\/h2>\n\t\t\t\t\t<div class=\"content-text\">\n\t\t\t\t\t\t<p>The evolution of territories over time<\/p>\n\t\t\t\t\t\t\t\t\t\t\t<\/div>\n\t\t\t\t<\/div>\n\t\t\t<\/div>\n\t\t<\/div>\n\t<\/div>\n<\/section>\n\n\n\n","protected":false},"excerpt":{"rendered":"","protected":false},"author":11,"featured_media":10927,"parent":10255,"menu_order":2,"comment_status":"closed","ping_status":"closed","template":"templates\/time-projects.php","meta":{"_acf_changed":false,"content-type":"","footnotes":""},"class_list":["post-10243","page","type-page","status-publish","has-post-thumbnail","hentry"],"acf":[],"yoast_head":"<!-- This site is optimized with the Yoast SEO plugin v23.0 - https:\/\/yoast.com\/wordpress\/plugins\/seo\/ -->\n<title>Time - SONDA Internacional<\/title>\n<meta name=\"description\" content=\"SONDA Internacional, medio de comunicaci\u00f3n independiente y sin \u00e1nimo de lucro, especializado en periodismo visual sobre la crisis clim\u00e1tica\" \/>\n<meta name=\"robots\" content=\"index, follow, max-snippet:-1, max-image-preview:large, max-video-preview:-1\" \/>\n<link rel=\"canonical\" href=\"https:\/\/sondainternacional.com\/en\/element\/time\/\" \/>\n<meta property=\"og:locale\" content=\"en_US\" \/>\n<meta property=\"og:type\" content=\"article\" \/>\n<meta property=\"og:title\" content=\"Time - SONDA Internacional\" \/>\n<meta property=\"og:description\" content=\"SONDA Internacional, medio de comunicaci\u00f3n independiente y sin \u00e1nimo de lucro, especializado en periodismo visual sobre la crisis clim\u00e1tica\" \/>\n<meta property=\"og:url\" content=\"https:\/\/sondainternacional.com\/en\/element\/time\/\" \/>\n<meta property=\"og:site_name\" content=\"SONDA Internacional\" \/>\n<meta property=\"article:publisher\" content=\"https:\/\/www.facebook.com\/SONDAinternacional\/\" \/>\n<meta property=\"article:modified_time\" content=\"2025-02-10T17:10:31+00:00\" \/>\n<meta property=\"og:image\" content=\"https:\/\/sondainternacional.com\/wp-content\/uploads\/2024\/09\/screenshot-2024-09-27-at-11-45-45-1024x828.png\" \/>\n\t<meta property=\"og:image:width\" content=\"1024\" \/>\n\t<meta property=\"og:image:height\" content=\"828\" \/>\n\t<meta property=\"og:image:type\" content=\"image\/png\" \/>\n<meta name=\"twitter:card\" content=\"summary_large_image\" \/>\n<meta name=\"twitter:site\" content=\"@SondaInt\" \/>\n<meta name=\"twitter:label1\" content=\"Est. reading time\" \/>\n\t<meta name=\"twitter:data1\" content=\"1 minute\" \/>\n<script type=\"application\/ld+json\" class=\"yoast-schema-graph\">{\"@context\":\"https:\/\/schema.org\",\"@graph\":[{\"@type\":\"WebPage\",\"@id\":\"https:\/\/sondainternacional.com\/en\/element\/time\/\",\"url\":\"https:\/\/sondainternacional.com\/en\/element\/time\/\",\"name\":\"Time - SONDA Internacional\",\"isPartOf\":{\"@id\":\"https:\/\/sondainternacional.com\/en\/#website\"},\"primaryImageOfPage\":{\"@id\":\"https:\/\/sondainternacional.com\/en\/element\/time\/#primaryimage\"},\"image\":{\"@id\":\"https:\/\/sondainternacional.com\/en\/element\/time\/#primaryimage\"},\"thumbnailUrl\":\"https:\/\/sondainternacional.com\/wp-content\/uploads\/2024\/09\/screenshot-2024-09-27-at-11-45-45.png\",\"datePublished\":\"2024-07-24T14:46:07+00:00\",\"dateModified\":\"2025-02-10T17:10:31+00:00\",\"description\":\"SONDA Internacional, medio de comunicaci\u00f3n independiente y sin \u00e1nimo de lucro, especializado en periodismo visual sobre la crisis clim\u00e1tica\",\"breadcrumb\":{\"@id\":\"https:\/\/sondainternacional.com\/en\/element\/time\/#breadcrumb\"},\"inLanguage\":\"en-US\",\"potentialAction\":[{\"@type\":\"ReadAction\",\"target\":[\"https:\/\/sondainternacional.com\/en\/element\/time\/\"]}]},{\"@type\":\"ImageObject\",\"inLanguage\":\"en-US\",\"@id\":\"https:\/\/sondainternacional.com\/en\/element\/time\/#primaryimage\",\"url\":\"https:\/\/sondainternacional.com\/wp-content\/uploads\/2024\/09\/screenshot-2024-09-27-at-11-45-45.png\",\"contentUrl\":\"https:\/\/sondainternacional.com\/wp-content\/uploads\/2024\/09\/screenshot-2024-09-27-at-11-45-45.png\",\"width\":2964,\"height\":2398},{\"@type\":\"BreadcrumbList\",\"@id\":\"https:\/\/sondainternacional.com\/en\/element\/time\/#breadcrumb\",\"itemListElement\":[{\"@type\":\"ListItem\",\"position\":1,\"name\":\"Sonda Internacional\",\"item\":\"https:\/\/sondainternacional.com\/en\/\"},{\"@type\":\"ListItem\",\"position\":2,\"name\":\"Elements\",\"item\":\"https:\/\/sondainternacional.com\/en\/element\/\"},{\"@type\":\"ListItem\",\"position\":3,\"name\":\"Time\"}]},{\"@type\":\"WebSite\",\"@id\":\"https:\/\/sondainternacional.com\/en\/#website\",\"url\":\"https:\/\/sondainternacional.com\/en\/\",\"name\":\"SONDA Internacional\",\"description\":\"Sonda internacional - Periodismo Visual sobre la Crisis Clim\u00e1tica\",\"publisher\":{\"@id\":\"https:\/\/sondainternacional.com\/en\/#organization\"},\"potentialAction\":[{\"@type\":\"SearchAction\",\"target\":{\"@type\":\"EntryPoint\",\"urlTemplate\":\"https:\/\/sondainternacional.com\/en\/?s={search_term_string}\"},\"query-input\":\"required name=search_term_string\"}],\"inLanguage\":\"en-US\"},{\"@type\":\"Organization\",\"@id\":\"https:\/\/sondainternacional.com\/en\/#organization\",\"name\":\"Sonda Internacional\",\"url\":\"https:\/\/sondainternacional.com\/en\/\",\"logo\":{\"@type\":\"ImageObject\",\"inLanguage\":\"en-US\",\"@id\":\"https:\/\/sondainternacional.com\/en\/#\/schema\/logo\/image\/\",\"url\":\"https:\/\/sondainternacional.com\/wp-content\/uploads\/2022\/03\/logotipo-sonda-3.png\",\"contentUrl\":\"https:\/\/sondainternacional.com\/wp-content\/uploads\/2022\/03\/logotipo-sonda-3.png\",\"width\":576,\"height\":195,\"caption\":\"Sonda Internacional\"},\"image\":{\"@id\":\"https:\/\/sondainternacional.com\/en\/#\/schema\/logo\/image\/\"},\"sameAs\":[\"https:\/\/www.facebook.com\/SONDAinternacional\/\",\"https:\/\/x.com\/SondaInt\",\"https:\/\/www.instagram.com\/sondainternacional\/\",\"https:\/\/www.linkedin.com\/company\/sonda-internacional\/\",\"https:\/\/www.youtube.com\/channel\/UCfXRwpt3KDr2WtAMXMRfUhw\",\"https:\/\/en.wikipedia.org\/wiki\/Santi_Palacios\"]}]}<\/script>\n<!-- \/ Yoast SEO plugin. -->","yoast_head_json":{"title":"Time - SONDA Internacional","description":"SONDA Internacional, medio de comunicaci\u00f3n independiente y sin \u00e1nimo de lucro, especializado en periodismo visual sobre la crisis clim\u00e1tica","robots":{"index":"index","follow":"follow","max-snippet":"max-snippet:-1","max-image-preview":"max-image-preview:large","max-video-preview":"max-video-preview:-1"},"canonical":"https:\/\/sondainternacional.com\/en\/element\/time\/","og_locale":"en_US","og_type":"article","og_title":"Time - SONDA Internacional","og_description":"SONDA Internacional, medio de comunicaci\u00f3n independiente y sin \u00e1nimo de lucro, especializado en periodismo visual sobre la crisis clim\u00e1tica","og_url":"https:\/\/sondainternacional.com\/en\/element\/time\/","og_site_name":"SONDA Internacional","article_publisher":"https:\/\/www.facebook.com\/SONDAinternacional\/","article_modified_time":"2025-02-10T17:10:31+00:00","og_image":[{"width":1024,"height":828,"url":"https:\/\/sondainternacional.com\/wp-content\/uploads\/2024\/09\/screenshot-2024-09-27-at-11-45-45-1024x828.png","type":"image\/png"}],"twitter_card":"summary_large_image","twitter_site":"@SondaInt","twitter_misc":{"Est. reading time":"1 minute"},"schema":{"@context":"https:\/\/schema.org","@graph":[{"@type":"WebPage","@id":"https:\/\/sondainternacional.com\/en\/element\/time\/","url":"https:\/\/sondainternacional.com\/en\/element\/time\/","name":"Time - SONDA Internacional","isPartOf":{"@id":"https:\/\/sondainternacional.com\/en\/#website"},"primaryImageOfPage":{"@id":"https:\/\/sondainternacional.com\/en\/element\/time\/#primaryimage"},"image":{"@id":"https:\/\/sondainternacional.com\/en\/element\/time\/#primaryimage"},"thumbnailUrl":"https:\/\/sondainternacional.com\/wp-content\/uploads\/2024\/09\/screenshot-2024-09-27-at-11-45-45.png","datePublished":"2024-07-24T14:46:07+00:00","dateModified":"2025-02-10T17:10:31+00:00","description":"SONDA Internacional, medio de comunicaci\u00f3n independiente y sin \u00e1nimo de lucro, especializado en periodismo visual sobre la crisis clim\u00e1tica","breadcrumb":{"@id":"https:\/\/sondainternacional.com\/en\/element\/time\/#breadcrumb"},"inLanguage":"en-US","potentialAction":[{"@type":"ReadAction","target":["https:\/\/sondainternacional.com\/en\/element\/time\/"]}]},{"@type":"ImageObject","inLanguage":"en-US","@id":"https:\/\/sondainternacional.com\/en\/element\/time\/#primaryimage","url":"https:\/\/sondainternacional.com\/wp-content\/uploads\/2024\/09\/screenshot-2024-09-27-at-11-45-45.png","contentUrl":"https:\/\/sondainternacional.com\/wp-content\/uploads\/2024\/09\/screenshot-2024-09-27-at-11-45-45.png","width":2964,"height":2398},{"@type":"BreadcrumbList","@id":"https:\/\/sondainternacional.com\/en\/element\/time\/#breadcrumb","itemListElement":[{"@type":"ListItem","position":1,"name":"Sonda Internacional","item":"https:\/\/sondainternacional.com\/en\/"},{"@type":"ListItem","position":2,"name":"Elements","item":"https:\/\/sondainternacional.com\/en\/element\/"},{"@type":"ListItem","position":3,"name":"Time"}]},{"@type":"WebSite","@id":"https:\/\/sondainternacional.com\/en\/#website","url":"https:\/\/sondainternacional.com\/en\/","name":"SONDA Internacional","description":"Sonda internacional - Periodismo Visual sobre la Crisis Clim\u00e1tica","publisher":{"@id":"https:\/\/sondainternacional.com\/en\/#organization"},"potentialAction":[{"@type":"SearchAction","target":{"@type":"EntryPoint","urlTemplate":"https:\/\/sondainternacional.com\/en\/?s={search_term_string}"},"query-input":"required name=search_term_string"}],"inLanguage":"en-US"},{"@type":"Organization","@id":"https:\/\/sondainternacional.com\/en\/#organization","name":"Sonda Internacional","url":"https:\/\/sondainternacional.com\/en\/","logo":{"@type":"ImageObject","inLanguage":"en-US","@id":"https:\/\/sondainternacional.com\/en\/#\/schema\/logo\/image\/","url":"https:\/\/sondainternacional.com\/wp-content\/uploads\/2022\/03\/logotipo-sonda-3.png","contentUrl":"https:\/\/sondainternacional.com\/wp-content\/uploads\/2022\/03\/logotipo-sonda-3.png","width":576,"height":195,"caption":"Sonda Internacional"},"image":{"@id":"https:\/\/sondainternacional.com\/en\/#\/schema\/logo\/image\/"},"sameAs":["https:\/\/www.facebook.com\/SONDAinternacional\/","https:\/\/x.com\/SondaInt","https:\/\/www.instagram.com\/sondainternacional\/","https:\/\/www.linkedin.com\/company\/sonda-internacional\/","https:\/\/www.youtube.com\/channel\/UCfXRwpt3KDr2WtAMXMRfUhw","https:\/\/en.wikipedia.org\/wiki\/Santi_Palacios"]}]}},"_links":{"self":[{"href":"https:\/\/sondainternacional.com\/en\/wp-json\/wp\/v2\/pages\/10243","targetHints":{"allow":["GET"]}}],"collection":[{"href":"https:\/\/sondainternacional.com\/en\/wp-json\/wp\/v2\/pages"}],"about":[{"href":"https:\/\/sondainternacional.com\/en\/wp-json\/wp\/v2\/types\/page"}],"author":[{"embeddable":true,"href":"https:\/\/sondainternacional.com\/en\/wp-json\/wp\/v2\/users\/11"}],"replies":[{"embeddable":true,"href":"https:\/\/sondainternacional.com\/en\/wp-json\/wp\/v2\/comments?post=10243"}],"version-history":[{"count":9,"href":"https:\/\/sondainternacional.com\/en\/wp-json\/wp\/v2\/pages\/10243\/revisions"}],"predecessor-version":[{"id":11831,"href":"https:\/\/sondainternacional.com\/en\/wp-json\/wp\/v2\/pages\/10243\/revisions\/11831"}],"up":[{"embeddable":true,"href":"https:\/\/sondainternacional.com\/en\/wp-json\/wp\/v2\/pages\/10255"}],"wp:featuredmedia":[{"embeddable":true,"href":"https:\/\/sondainternacional.com\/en\/wp-json\/wp\/v2\/media\/10927"}],"wp:attachment":[{"href":"https:\/\/sondainternacional.com\/en\/wp-json\/wp\/v2\/media?parent=10243"}],"curies":[{"name":"wp","href":"https:\/\/api.w.org\/{rel}","templated":true}]}}